{"id":1220,"date":"2024-12-10T23:39:00","date_gmt":"2024-12-10T23:39:00","guid":{"rendered":"https:\/\/beuhparadis.com\/?post_type=product&#038;p=1220"},"modified":"2025-01-27T04:30:46","modified_gmt":"2025-01-27T04:30:46","slug":"bio-jesus-hybrid-weed","status":"publish","type":"product","link":"https:\/\/beuhparadis.com\/da\/product\/bio-jesus-hybrid-weed\/","title":{"rendered":"Bio-Jesus hybrid-ukrudt"},"content":{"rendered":"<h1 class=\"wp-block-heading\">K\u00f8b \u00d8kologisk Jesus-gr\u00e6s: Opdagelsen af en kraftfuld natsort<\/h1>\n<p>Information om La Souche<\/p>\n<p>Bio Jesus er en hybrid cannabissort, der er kendt for sin bed\u00f8vende kraft og sin enest\u00e5ende anvendelse til smertelindring. Denne sort er resultatet af en krydsning mellem Gumbo og Bio-Diesel. Bio Jesus er is\u00e6r v\u00e6rdsat for sine intense kropseffekter og euforiske t\u00e5ger, der er ideelle til brug om natten. Patienter, der bruger cannabis til medicinske form\u00e5l, v\u00e6lger denne sort til at lindre symptomer i forbindelse med s\u00f8vnl\u00f8shed.<\/p>\n<h2 class=\"wp-block-heading\">THC og CBD<\/h2>\n<p>Bio Jesus har et h\u00f8jt THC-indhold, mens procentdelen af CBD generelt er lav, hvilket fremh\u00e6ver dets potentiale for dyb afslapning uden nogen v\u00e6sentlige psykotrope virkninger.<\/p>\n<h2 class=\"wp-block-heading\">Hvor kan jeg k\u00f8be Bio Jesus Weed online?<\/h2>\n<p>Bio Jesus-stammen kan k\u00f8bes online hos Acheterducannabis, din p\u00e5lidelige leverand\u00f8r af h\u00f8jkvalitetsstammer direkte til din d\u00f8r, i overensstemmelse med europ\u00e6isk lovgivning om salg af cannabis.<\/p>\n<h2 class=\"wp-block-heading\">Effekter, aroma og smag<\/h2>\n<h4 class=\"wp-block-heading\">Effekt<\/h4>\n<ul class=\"wp-block-list\">\n<li>D\u00f8sighed<\/li>\n<li>Afslapning<\/li>\n<li>F\u00f8lelse af sult<\/li>\n<\/ul>\n<h4 class=\"wp-block-heading\">Aroma<\/h4>\n<ul class=\"wp-block-list\">\n<li>Diesel<\/li>\n<li>Kemisk<\/li>\n<li>Jordn\u00e6r<\/li>\n<\/ul>\n<h4 class=\"wp-block-heading\">Smag<\/h4>\n<p>Smagen af Bio Jesus omfatter diesel, kemiske og jordagtige noter, der skaber en unik smagsoplevelse for kendere.<\/p>\n<h2 class=\"wp-block-heading\">Medicinske virkninger<\/h2>\n<p>Bio Jesus kan varmt anbefales til :<\/p>\n<ul class=\"wp-block-list\">\n<li>Lindring af smerter<\/li>\n<li>Reduktion af stress<\/li>\n<li>Bek\u00e6mpelse af s\u00f8vnl\u00f8shed<\/li>\n<\/ul>\n<h2 class=\"wp-block-heading\">Hvorfor k\u00f8be Bio Jesus ukrudt hos Acheter Beuhparadis?<\/h2>\n<p><a href=\"https:\/\/beuhparadis.com\/da\/product\/birthday-cake-kush\/\" data-type=\"link\" data-id=\"https:\/\/acheterducannabis.fr\/\">Beuhparadis<\/a> er din foretrukne destination for f\u00f8rsteklasses cannabissorter som Bio Jesus. Vi garanterer vores produkters kvalitet, sporbarhed og overholdelse af lovgivningen, s\u00e5 du f\u00e5r en sikker og tilfredsstillende oplevelse.<\/p>\n<h2 class=\"wp-block-heading\">Regeringslov om salg af denne stamme i Europa<\/h2>\n<p>I overensstemmelse med europ\u00e6isk lovgivning s\u00e6lges Bio Jesus-stammen i fuld overensstemmelse med g\u00e6ldende standarder, hvilket sikrer sikker og lovlig adgang for vores kunder i hele Europa.<\/p>\n<p>Bio Jesus ukrudt er indbegrebet af afslapning om natten og tilbyder en velkommen flugt fra hverdagens smerter og stress. Med sine dybe kropseffekter og rige terpenprofil er det den bedste sort for dem, der s\u00f8ger lindring i medicinsk cannabis. Bes\u00f8g Acheterducannabis for at opdage <a href=\"https:\/\/www.hytiva.com\/strains\/hybrid\/bio-jesus\" data-type=\"link\" data-id=\"https:\/\/www.hytiva.com\/strains\/hybrid\/bio-jesus\">Bio Jesus<\/a> og mange andre sorter, der er specielt udvalgt til dig.<\/p>","protected":false},"excerpt":{"rendered":"<div class=\"col-xs-12 col-sm-12 wider\">\n<div class=\"flipblock-wrapper\">\n<section id=\"positive-effects\" class=\"panel panel-default\" data-label=\"positive_effects\">\n<div class=\"face front\">\n<div class=\"panel-heading\"><strong>THC: <\/strong>25%<strong> Effekter<\/strong> Kreativ, eufori, glad <strong>Kan lindre<\/strong> Angst, bipolar lidelse, kronisk smerte, tr\u00e6thed, fibromyalgi, hovedpine, s\u00f8vnl\u00f8shed, migr\u00e6ne, muskelspasmer, kvalme, PTSD, stress<\/div>\n<\/div>\n<\/section>\n<\/div>\n<\/div>","protected":false},"featured_media":1246,"comment_status":"closed","ping_status":"closed","template":"","meta":{"site-sidebar-layout":"default","site-content-layout":"","ast-site-content-layout":"default","site-content-style":"default","site-sidebar-style":"default","ast-global-header-display":"","ast-banner-title-visibility":"","ast-main-header-display":"","ast-hfb-above-header-display":"","ast-hfb-below-header-display":"","ast-hfb-mobile-header-display":"","site-post-title":"","ast-breadcrumbs-content":"","ast-featured-img":"","footer-sml-layout":"","theme-transparent-header-meta":"default","adv-header-id-meta":"","stick-header-meta":"","header-above-stick-meta":"","header-main-stick-meta":"","header-below-stick-meta":"","astra-migrate-meta-layouts":"set","ast-page-background-enabled":"default","ast-page-background-meta":{"desktop":{"background-color":"","background-image":"","background-repeat":"repeat","background-position":"center center","background-size":"auto","background-attachment":"scroll","background-type":"","background-media":"","overlay-type":"","overlay-color":"","overlay-opacity":"","overlay-gradient":""},"tablet":{"background-color":"","background-image":"","background-repeat":"repeat","background-position":"center center","background-size":"auto","background-attachment":"scroll","background-type":"","background-media":"","overlay-type":"","overlay-color":"","overlay-opacity":"","overlay-gradient":""},"mobile":{"background-color":"","background-image":"","background-repeat":"repeat","background-position":"center center","background-size":"auto","background-attachment":"scroll","background-type":"","background-media":"","overlay-type":"","overlay-color":"","overlay-opacity":"","overlay-gradient":""}},"ast-content-background-meta":{"desktop":{"background-color":"var(--ast-global-color-5)","background-image":"","background-repeat":"repeat","background-position":"center center","background-size":"auto","background-attachment":"scroll","background-type":"","background-media":"","overlay-type":"","overlay-color":"","overlay-opacity":"","overlay-gradient":""},"tablet":{"background-color":"var(--ast-global-color-5)","background-image":"","background-repeat":"repeat","background-position":"center center","background-size":"auto","background-attachment":"scroll","background-type":"","background-media":"","overlay-type":"","overlay-color":"","overlay-opacity":"","overlay-gradient":""},"mobile":{"background-color":"var(--ast-global-color-5)","background-image":"","background-repeat":"repeat","background-position":"center center","background-size":"auto","background-attachment":"scroll","background-type":"","background-media":"","overlay-type":"","overlay-color":"","overlay-opacity":"","overlay-gradient":""}},"_joinchat":[]},"product_brand":[],"product_cat":[32,33],"product_tag":[],"class_list":{"0":"post-1220","1":"product","2":"type-product","3":"status-publish","4":"has-post-thumbnail","6":"product_cat-fleur-de-chanvre","7":"product_cat-thc-beuh","8":"desktop-align-left","9":"tablet-align-left","10":"mobile-align-left","12":"first","13":"instock","14":"shipping-taxable","15":"purchasable","16":"product-type-variable"},"yoast_head":"<!-- This site is optimized with the Yoast SEO Premium plugin v24.1 (Yoast SEO v26.8) - https:\/\/yoast.com\/product\/yoast-seo-premium-wordpress\/ -->\n<title>Acheter Bio Jesus Weed \u2013 Cannabis Relaxant\/Qualit\u00e9 Sup\u00e9rieure<\/title>\n<meta name=\"description\" content=\"Commandez Bio Jesus Weed, une vari\u00e9t\u00e9 de cannabis r\u00e9put\u00e9e pour ses effets apaisants et ses ar\u00f4mes terreux. Livraison rapide et discr\u00e8te en France.\" \/>\n<meta name=\"robots\" content=\"index, follow, max-snippet:-1, max-image-preview:large, max-video-preview:-1\" \/>\n<link rel=\"canonical\" href=\"https:\/\/beuhparadis.com\/da\/product\/bio-jesus-hybrid-weed\/\" \/>\n<meta property=\"og:locale\" content=\"da_DK\" \/>\n<meta property=\"og:type\" content=\"article\" \/>\n<meta property=\"og:title\" content=\"Bio-Jesus Hybrid Weed\" \/>\n<meta property=\"og:description\" content=\"Commandez Bio Jesus Weed, une vari\u00e9t\u00e9 de cannabis r\u00e9put\u00e9e pour ses effets apaisants et ses ar\u00f4mes terreux. Livraison rapide et discr\u00e8te en France.\" \/>\n<meta property=\"og:url\" content=\"https:\/\/beuhparadis.com\/da\/product\/bio-jesus-hybrid-weed\/\" \/>\n<meta property=\"og:site_name\" content=\"Beuh Paradis\" \/>\n<meta property=\"article:modified_time\" content=\"2025-01-27T04:30:46+00:00\" \/>\n<meta property=\"og:image\" content=\"https:\/\/beuhparadis.com\/wp-content\/uploads\/2024\/12\/Bio-Jesus-Hybrid-Weed.webp\" \/>\n\t<meta property=\"og:image:width\" content=\"966\" \/>\n\t<meta property=\"og:image:height\" content=\"1175\" \/>\n\t<meta property=\"og:image:type\" content=\"image\/webp\" \/>\n<meta name=\"twitter:card\" content=\"summary_large_image\" \/>\n<meta name=\"twitter:label1\" content=\"Estimeret l\u00e6setid\" \/>\n\t<meta name=\"twitter:data1\" content=\"2 minutes\" \/>\n<script type=\"application\/ld+json\" class=\"yoast-schema-graph\">{\"@context\":\"https:\/\/schema.org\",\"@graph\":[{\"@type\":\"WebPage\",\"@id\":\"https:\/\/beuhparadis.com\/product\/bio-jesus-hybrid-weed\/\",\"url\":\"https:\/\/beuhparadis.com\/product\/bio-jesus-hybrid-weed\/\",\"name\":\"Acheter Bio Jesus Weed \u2013 Cannabis Relaxant\/Qualit\u00e9 Sup\u00e9rieure\",\"isPartOf\":{\"@id\":\"https:\/\/beuhparadis.com\/#website\"},\"primaryImageOfPage\":{\"@id\":\"https:\/\/beuhparadis.com\/product\/bio-jesus-hybrid-weed\/#primaryimage\"},\"image\":{\"@id\":\"https:\/\/beuhparadis.com\/product\/bio-jesus-hybrid-weed\/#primaryimage\"},\"thumbnailUrl\":\"https:\/\/beuhparadis.com\/wp-content\/uploads\/2024\/12\/Bio-Jesus-Hybrid-Weed.webp\",\"datePublished\":\"2024-12-10T23:39:00+00:00\",\"dateModified\":\"2025-01-27T04:30:46+00:00\",\"description\":\"Commandez Bio Jesus Weed, une vari\u00e9t\u00e9 de cannabis r\u00e9put\u00e9e pour ses effets apaisants et ses ar\u00f4mes terreux. Livraison rapide et discr\u00e8te en France.\",\"breadcrumb\":{\"@id\":\"https:\/\/beuhparadis.com\/product\/bio-jesus-hybrid-weed\/#breadcrumb\"},\"inLanguage\":\"da-DK\",\"potentialAction\":[{\"@type\":\"ReadAction\",\"target\":[\"https:\/\/beuhparadis.com\/product\/bio-jesus-hybrid-weed\/\"]}]},{\"@type\":\"ImageObject\",\"inLanguage\":\"da-DK\",\"@id\":\"https:\/\/beuhparadis.com\/product\/bio-jesus-hybrid-weed\/#primaryimage\",\"url\":\"https:\/\/beuhparadis.com\/wp-content\/uploads\/2024\/12\/Bio-Jesus-Hybrid-Weed.webp\",\"contentUrl\":\"https:\/\/beuhparadis.com\/wp-content\/uploads\/2024\/12\/Bio-Jesus-Hybrid-Weed.webp\",\"width\":966,\"height\":1175},{\"@type\":\"BreadcrumbList\",\"@id\":\"https:\/\/beuhparadis.com\/product\/bio-jesus-hybrid-weed\/#breadcrumb\",\"itemListElement\":[{\"@type\":\"ListItem\",\"position\":1,\"name\":\"Home\",\"item\":\"https:\/\/beuhparadis.com\/\"},{\"@type\":\"ListItem\",\"position\":2,\"name\":\"Shop\",\"item\":\"https:\/\/beuhparadis.com\/shop\/\"},{\"@type\":\"ListItem\",\"position\":3,\"name\":\"Bio-Jesus Hybrid Weed\"}]},{\"@type\":\"WebSite\",\"@id\":\"https:\/\/beuhparadis.com\/#website\",\"url\":\"https:\/\/beuhparadis.com\/\",\"name\":\"Beuh Paradis\",\"description\":\"\",\"potentialAction\":[{\"@type\":\"SearchAction\",\"target\":{\"@type\":\"EntryPoint\",\"urlTemplate\":\"https:\/\/beuhparadis.com\/?s={search_term_string}\"},\"query-input\":{\"@type\":\"PropertyValueSpecification\",\"valueRequired\":true,\"valueName\":\"search_term_string\"}}],\"inLanguage\":\"da-DK\"}]}<\/script>\n<!-- \/ Yoast SEO Premium plugin. -->","yoast_head_json":{"title":"K\u00f8b Bio Jesus Weed - Cannabis Relaxant\/Qualit\u00e9 Sup\u00e9rieure","description":"Bestil Bio Jesus Weed, en cannabissort, der er kendt for sine beroligende virkninger og jordagtige aromaer. Hurtig og diskret levering i Frankrig.","robots":{"index":"index","follow":"follow","max-snippet":"max-snippet:-1","max-image-preview":"max-image-preview:large","max-video-preview":"max-video-preview:-1"},"canonical":"https:\/\/beuhparadis.com\/da\/product\/bio-jesus-hybrid-weed\/","og_locale":"da_DK","og_type":"article","og_title":"Bio-Jesus Hybrid Weed","og_description":"Commandez Bio Jesus Weed, une vari\u00e9t\u00e9 de cannabis r\u00e9put\u00e9e pour ses effets apaisants et ses ar\u00f4mes terreux. Livraison rapide et discr\u00e8te en France.","og_url":"https:\/\/beuhparadis.com\/da\/product\/bio-jesus-hybrid-weed\/","og_site_name":"Beuh Paradis","article_modified_time":"2025-01-27T04:30:46+00:00","og_image":[{"width":966,"height":1175,"url":"https:\/\/beuhparadis.com\/wp-content\/uploads\/2024\/12\/Bio-Jesus-Hybrid-Weed.webp","type":"image\/webp"}],"twitter_card":"summary_large_image","twitter_misc":{"Estimeret l\u00e6setid":"2 minutes"},"schema":{"@context":"https:\/\/schema.org","@graph":[{"@type":"WebPage","@id":"https:\/\/beuhparadis.com\/product\/bio-jesus-hybrid-weed\/","url":"https:\/\/beuhparadis.com\/product\/bio-jesus-hybrid-weed\/","name":"K\u00f8b Bio Jesus Weed - Cannabis Relaxant\/Qualit\u00e9 Sup\u00e9rieure","isPartOf":{"@id":"https:\/\/beuhparadis.com\/#website"},"primaryImageOfPage":{"@id":"https:\/\/beuhparadis.com\/product\/bio-jesus-hybrid-weed\/#primaryimage"},"image":{"@id":"https:\/\/beuhparadis.com\/product\/bio-jesus-hybrid-weed\/#primaryimage"},"thumbnailUrl":"https:\/\/beuhparadis.com\/wp-content\/uploads\/2024\/12\/Bio-Jesus-Hybrid-Weed.webp","datePublished":"2024-12-10T23:39:00+00:00","dateModified":"2025-01-27T04:30:46+00:00","description":"Bestil Bio Jesus Weed, en cannabissort, der er kendt for sine beroligende virkninger og jordagtige aromaer. Hurtig og diskret levering i Frankrig.","breadcrumb":{"@id":"https:\/\/beuhparadis.com\/product\/bio-jesus-hybrid-weed\/#breadcrumb"},"inLanguage":"da-DK","potentialAction":[{"@type":"ReadAction","target":["https:\/\/beuhparadis.com\/product\/bio-jesus-hybrid-weed\/"]}]},{"@type":"ImageObject","inLanguage":"da-DK","@id":"https:\/\/beuhparadis.com\/product\/bio-jesus-hybrid-weed\/#primaryimage","url":"https:\/\/beuhparadis.com\/wp-content\/uploads\/2024\/12\/Bio-Jesus-Hybrid-Weed.webp","contentUrl":"https:\/\/beuhparadis.com\/wp-content\/uploads\/2024\/12\/Bio-Jesus-Hybrid-Weed.webp","width":966,"height":1175},{"@type":"BreadcrumbList","@id":"https:\/\/beuhparadis.com\/product\/bio-jesus-hybrid-weed\/#breadcrumb","itemListElement":[{"@type":"ListItem","position":1,"name":"Home","item":"https:\/\/beuhparadis.com\/"},{"@type":"ListItem","position":2,"name":"Shop","item":"https:\/\/beuhparadis.com\/shop\/"},{"@type":"ListItem","position":3,"name":"Bio-Jesus Hybrid Weed"}]},{"@type":"WebSite","@id":"https:\/\/beuhparadis.com\/#website","url":"https:\/\/beuhparadis.com\/","name":"Beuh Paradis","description":"","potentialAction":[{"@type":"SearchAction","target":{"@type":"EntryPoint","urlTemplate":"https:\/\/beuhparadis.com\/?s={search_term_string}"},"query-input":{"@type":"PropertyValueSpecification","valueRequired":true,"valueName":"search_term_string"}}],"inLanguage":"da-DK"}]}},"_links":{"self":[{"href":"https:\/\/beuhparadis.com\/da\/wp-json\/wp\/v2\/product\/1220","targetHints":{"allow":["GET"]}}],"collection":[{"href":"https:\/\/beuhparadis.com\/da\/wp-json\/wp\/v2\/product"}],"about":[{"href":"https:\/\/beuhparadis.com\/da\/wp-json\/wp\/v2\/types\/product"}],"replies":[{"embeddable":true,"href":"https:\/\/beuhparadis.com\/da\/wp-json\/wp\/v2\/comments?post=1220"}],"wp:featuredmedia":[{"embeddable":true,"href":"https:\/\/beuhparadis.com\/da\/wp-json\/wp\/v2\/media\/1246"}],"wp:attachment":[{"href":"https:\/\/beuhparadis.com\/da\/wp-json\/wp\/v2\/media?parent=1220"}],"wp:term":[{"taxonomy":"product_brand","embeddable":true,"href":"https:\/\/beuhparadis.com\/da\/wp-json\/wp\/v2\/product_brand?post=1220"},{"taxonomy":"product_cat","embeddable":true,"href":"https:\/\/beuhparadis.com\/da\/wp-json\/wp\/v2\/product_cat?post=1220"},{"taxonomy":"product_tag","embeddable":true,"href":"https:\/\/beuhparadis.com\/da\/wp-json\/wp\/v2\/product_tag?post=1220"}],"curies":[{"name":"wp","href":"https:\/\/api.w.org\/{rel}","templated":true}]}}