{"id":1215,"date":"2024-12-10T23:38:59","date_gmt":"2024-12-10T23:38:59","guid":{"rendered":"https:\/\/beuhparadis.com\/?post_type=product&#038;p=1215"},"modified":"2025-01-27T04:03:56","modified_gmt":"2025-01-27T04:03:56","slug":"apple-jack","status":"publish","type":"product","link":"https:\/\/beuhparadis.com\/da\/product\/apple-jack\/","title":{"rendered":"Apple Jack"},"content":{"rendered":"<h1 class=\"wp-block-heading\">K\u00f8b Apple Jack Weed: En smagfuld hybrid<\/h1>\n<p><strong>Apple Jack<\/strong> er en hybridstamme, der er resultatet af en krydsning mellem Jack Herer og White Widow. Denne potente stamme er kendt for b\u00e5de sine stimulerende og beroligende virkninger, hvilket g\u00f8r den til et ideelt valg for medicinske cannabispatienter og forbrugere, der \u00f8nsker lindring af kroniske smerter eller kvalme.<\/p>\n<h2 class=\"wp-block-heading\">Information om Apple Jack-sorten<\/h2>\n<ul class=\"wp-block-list\">\n<li><strong>Type :<\/strong> Hybrid<\/li>\n<li><strong>Genetik :<\/strong> Krydsning mellem Jack Herer og White Widow<\/li>\n<li><strong>Produktion :<\/strong> Giver opl\u00f8ftende og beroligende effekter<\/li>\n<\/ul>\n<h2 class=\"wp-block-heading\">THC og CBD<\/h2>\n<ul class=\"wp-block-list\">\n<li><strong>THC :<\/strong> H\u00f8j hastighed for en st\u00e6rk og givende oplevelse<\/li>\n<li><strong>CBD :<\/strong> Lav, med fokus p\u00e5 virkningerne af THC<\/li>\n<\/ul>\n<h2 class=\"wp-block-heading\">Hvor kan jeg k\u00f8be Apple Jack online?<\/h2>\n<p>Apple Jack er tilg\u00e6ngelig p\u00e5 <a href=\"https:\/\/beuhparadis.com\/da\/product\/lions-cake\/\" data-type=\"link\" data-id=\"https:\/\/acheterducannabis.fr\/\">Beuhparadis<\/a>Det er her, der tilbydes et bredt udvalg af cannabis i topkvalitet, som lever op til de mest kr\u00e6vende forbrugeres forventninger.<\/p>\n<h2 class=\"wp-block-heading\">Effekter, aroma og smag<\/h2>\n<h3 class=\"wp-block-heading\">Effekt<\/h3>\n<ul class=\"wp-block-list\">\n<li><strong>Fornemmelse :<\/strong> Koncentration, energi, h\u00f8jde<\/li>\n<li><strong>Ideel til :<\/strong> H\u00e5ndtering af depression, stress og angst<\/li>\n<\/ul>\n<h3 class=\"wp-block-heading\">Aroma<\/h3>\n<p>En skunky, jordagtig aroma med antydninger af skivesk\u00e5ret \u00e6ble, der giver en unik duftoplevelse.<\/p>\n<h3 class=\"wp-block-heading\">Smag<\/h3>\n<p>Smag af \u00e6ble og s\u00f8dme med et strejf af skunk giver en smagsoplevelse, der fremkalder frugtagtig friskhed.<\/p>\n<h2 class=\"wp-block-heading\">Medicinske virkninger<\/h2>\n<p>Patienter v\u00e6lger Apple Jack-gr\u00e6s p\u00e5 grund af dets potentielle terapeutiske fordele, herunder :<\/p>\n<ul class=\"wp-block-list\">\n<li>Depression<\/li>\n<li>Stress<\/li>\n<li>Angst<\/li>\n<\/ul>\n<h2 class=\"wp-block-heading\">Hvorfor k\u00f8be Apple Jack ukrudt p\u00e5 Acheterducannabis?<\/h2>\n<p><strong>K\u00f8bducannabis<\/strong> er den ideelle destination til at erhverve <strong>Apple Jack<\/strong>Det er takket v\u00e6re virksomhedens engagement i kvalitet, produktsporbarhed og overholdelse af europ\u00e6isk lovgivning om salg af cannabis.<\/p>\n<h2 class=\"wp-block-heading\">Europ\u00e6isk lovgivning om salg af Apple Jack-ukrudt<\/h2>\n<p>Salget af Apple Jack er, ligesom alle andre former for cannabis, strengt reguleret i Europa. De produkter, der tilbydes p\u00e5 Acheterducannabis, overholder alle g\u00e6ldende juridiske standarder, hvilket sikrer en sikker og lovlig oplevelse for voksne forbrugere.<\/p>\n<p>Apple Jack weed skiller sig ud med sin unikke kombination af stimulerende og beroligende effekter, ledsaget af en tydelig aroma- og smagsprofil. Uanset om du \u00f8nsker at lindre specifikke symptomer eller nyde en givende forbrugsoplevelse, <a href=\"https:\/\/www.leafly.com\/strains\/apple-jack\" data-type=\"link\" data-id=\"https:\/\/www.leafly.com\/strains\/apple-jack\">Apple Jack<\/a> repr\u00e6senterer et kvalitetsvalg. Udforsk denne stamme og andre p\u00e5 Acheterducannabis, din reference til k\u00f8b af kvalitetscannabis i Europa.<\/p>","protected":false},"excerpt":{"rendered":"<p><strong>THC :<\/strong> 20\u00a0% <strong>Effekter<\/strong> Body High, Eufori, Koncentration, Glad, Afslappende, Omg\u00e6ngelig <strong>Kan lindre<\/strong> Angst, kroniske smerter, kramper, depression, muskelspasmer, stress<\/p>","protected":false},"featured_media":1245,"comment_status":"closed","ping_status":"closed","template":"","meta":{"site-sidebar-layout":"default","site-content-layout":"","ast-site-content-layout":"default","site-content-style":"default","site-sidebar-style":"default","ast-global-header-display":"","ast-banner-title-visibility":"","ast-main-header-display":"","ast-hfb-above-header-display":"","ast-hfb-below-header-display":"","ast-hfb-mobile-header-display":"","site-post-title":"","ast-breadcrumbs-content":"","ast-featured-img":"","footer-sml-layout":"","theme-transparent-header-meta":"default","adv-header-id-meta":"","stick-header-meta":"","header-above-stick-meta":"","header-main-stick-meta":"","header-below-stick-meta":"","astra-migrate-meta-layouts":"set","ast-page-background-enabled":"default","ast-page-background-meta":{"desktop":{"background-color":"","background-image":"","background-repeat":"repeat","background-position":"center center","background-size":"auto","background-attachment":"scroll","background-type":"","background-media":"","overlay-type":"","overlay-color":"","overlay-opacity":"","overlay-gradient":""},"tablet":{"background-color":"","background-image":"","background-repeat":"repeat","background-position":"center center","background-size":"auto","background-attachment":"scroll","background-type":"","background-media":"","overlay-type":"","overlay-color":"","overlay-opacity":"","overlay-gradient":""},"mobile":{"background-color":"","background-image":"","background-repeat":"repeat","background-position":"center center","background-size":"auto","background-attachment":"scroll","background-type":"","background-media":"","overlay-type":"","overlay-color":"","overlay-opacity":"","overlay-gradient":""}},"ast-content-background-meta":{"desktop":{"background-color":"var(--ast-global-color-5)","background-image":"","background-repeat":"repeat","background-position":"center center","background-size":"auto","background-attachment":"scroll","background-type":"","background-media":"","overlay-type":"","overlay-color":"","overlay-opacity":"","overlay-gradient":""},"tablet":{"background-color":"var(--ast-global-color-5)","background-image":"","background-repeat":"repeat","background-position":"center center","background-size":"auto","background-attachment":"scroll","background-type":"","background-media":"","overlay-type":"","overlay-color":"","overlay-opacity":"","overlay-gradient":""},"mobile":{"background-color":"var(--ast-global-color-5)","background-image":"","background-repeat":"repeat","background-position":"center center","background-size":"auto","background-attachment":"scroll","background-type":"","background-media":"","overlay-type":"","overlay-color":"","overlay-opacity":"","overlay-gradient":""}},"_joinchat":[]},"product_brand":[],"product_cat":[32,33],"product_tag":[],"class_list":{"0":"post-1215","1":"product","2":"type-product","3":"status-publish","4":"has-post-thumbnail","6":"product_cat-fleur-de-chanvre","7":"product_cat-thc-beuh","8":"desktop-align-left","9":"tablet-align-left","10":"mobile-align-left","12":"first","13":"instock","14":"shipping-taxable","15":"purchasable","16":"product-type-variable"},"yoast_head":"<!-- This site is optimized with the Yoast SEO Premium plugin v24.1 (Yoast SEO v26.8) - https:\/\/yoast.com\/product\/yoast-seo-premium-wordpress\/ -->\n<title>Acheter Apple Jack Weed en Ligne | Livraison Rapide &amp; Discr\u00e8te<\/title>\n<meta name=\"description\" content=\"Acheter Apple Jack Weed de qualit\u00e9 sup\u00e9rieure. Livraison rapide et discr\u00e8te. Profitez des meilleurs prix et d&#039;un service client exceptionnel.\" \/>\n<meta name=\"robots\" content=\"index, follow, max-snippet:-1, max-image-preview:large, max-video-preview:-1\" \/>\n<link rel=\"canonical\" href=\"https:\/\/beuhparadis.com\/da\/product\/apple-jack\/\" \/>\n<meta property=\"og:locale\" content=\"da_DK\" \/>\n<meta property=\"og:type\" content=\"article\" \/>\n<meta property=\"og:title\" content=\"Apple Jack\" \/>\n<meta property=\"og:description\" content=\"Acheter Apple Jack Weed de qualit\u00e9 sup\u00e9rieure. Livraison rapide et discr\u00e8te. Profitez des meilleurs prix et d&#039;un service client exceptionnel.\" \/>\n<meta property=\"og:url\" content=\"https:\/\/beuhparadis.com\/da\/product\/apple-jack\/\" \/>\n<meta property=\"og:site_name\" content=\"Beuh Paradis\" \/>\n<meta property=\"article:modified_time\" content=\"2025-01-27T04:03:56+00:00\" \/>\n<meta property=\"og:image\" content=\"https:\/\/beuhparadis.com\/wp-content\/uploads\/2024\/12\/Apple-Jack.webp\" \/>\n\t<meta property=\"og:image:width\" content=\"1657\" \/>\n\t<meta property=\"og:image:height\" content=\"1105\" \/>\n\t<meta property=\"og:image:type\" content=\"image\/webp\" \/>\n<meta name=\"twitter:card\" content=\"summary_large_image\" \/>\n<meta name=\"twitter:label1\" content=\"Estimeret l\u00e6setid\" \/>\n\t<meta name=\"twitter:data1\" content=\"2 minutes\" \/>\n<script type=\"application\/ld+json\" class=\"yoast-schema-graph\">{\"@context\":\"https:\/\/schema.org\",\"@graph\":[{\"@type\":\"WebPage\",\"@id\":\"https:\/\/beuhparadis.com\/product\/apple-jack\/\",\"url\":\"https:\/\/beuhparadis.com\/product\/apple-jack\/\",\"name\":\"Acheter Apple Jack Weed en Ligne | Livraison Rapide & Discr\u00e8te\",\"isPartOf\":{\"@id\":\"https:\/\/beuhparadis.com\/#website\"},\"primaryImageOfPage\":{\"@id\":\"https:\/\/beuhparadis.com\/product\/apple-jack\/#primaryimage\"},\"image\":{\"@id\":\"https:\/\/beuhparadis.com\/product\/apple-jack\/#primaryimage\"},\"thumbnailUrl\":\"https:\/\/beuhparadis.com\/wp-content\/uploads\/2024\/12\/Apple-Jack.webp\",\"datePublished\":\"2024-12-10T23:38:59+00:00\",\"dateModified\":\"2025-01-27T04:03:56+00:00\",\"description\":\"Acheter Apple Jack Weed de qualit\u00e9 sup\u00e9rieure. Livraison rapide et discr\u00e8te. Profitez des meilleurs prix et d'un service client exceptionnel.\",\"breadcrumb\":{\"@id\":\"https:\/\/beuhparadis.com\/product\/apple-jack\/#breadcrumb\"},\"inLanguage\":\"da-DK\",\"potentialAction\":[{\"@type\":\"ReadAction\",\"target\":[\"https:\/\/beuhparadis.com\/product\/apple-jack\/\"]}]},{\"@type\":\"ImageObject\",\"inLanguage\":\"da-DK\",\"@id\":\"https:\/\/beuhparadis.com\/product\/apple-jack\/#primaryimage\",\"url\":\"https:\/\/beuhparadis.com\/wp-content\/uploads\/2024\/12\/Apple-Jack.webp\",\"contentUrl\":\"https:\/\/beuhparadis.com\/wp-content\/uploads\/2024\/12\/Apple-Jack.webp\",\"width\":1657,\"height\":1105},{\"@type\":\"BreadcrumbList\",\"@id\":\"https:\/\/beuhparadis.com\/product\/apple-jack\/#breadcrumb\",\"itemListElement\":[{\"@type\":\"ListItem\",\"position\":1,\"name\":\"Home\",\"item\":\"https:\/\/beuhparadis.com\/\"},{\"@type\":\"ListItem\",\"position\":2,\"name\":\"Shop\",\"item\":\"https:\/\/beuhparadis.com\/shop\/\"},{\"@type\":\"ListItem\",\"position\":3,\"name\":\"Apple Jack\"}]},{\"@type\":\"WebSite\",\"@id\":\"https:\/\/beuhparadis.com\/#website\",\"url\":\"https:\/\/beuhparadis.com\/\",\"name\":\"Beuh Paradis\",\"description\":\"\",\"potentialAction\":[{\"@type\":\"SearchAction\",\"target\":{\"@type\":\"EntryPoint\",\"urlTemplate\":\"https:\/\/beuhparadis.com\/?s={search_term_string}\"},\"query-input\":{\"@type\":\"PropertyValueSpecification\",\"valueRequired\":true,\"valueName\":\"search_term_string\"}}],\"inLanguage\":\"da-DK\"}]}<\/script>\n<!-- \/ Yoast SEO Premium plugin. -->","yoast_head_json":{"title":"K\u00f8b Apple Jack Weed online - hurtig og diskret levering","description":"K\u00f8b Apple Jack Weed i topkvalitet. Hurtig og diskret levering. Nyd de bedste priser og enest\u00e5ende kundeservice.","robots":{"index":"index","follow":"follow","max-snippet":"max-snippet:-1","max-image-preview":"max-image-preview:large","max-video-preview":"max-video-preview:-1"},"canonical":"https:\/\/beuhparadis.com\/da\/product\/apple-jack\/","og_locale":"da_DK","og_type":"article","og_title":"Apple Jack","og_description":"Acheter Apple Jack Weed de qualit\u00e9 sup\u00e9rieure. Livraison rapide et discr\u00e8te. Profitez des meilleurs prix et d'un service client exceptionnel.","og_url":"https:\/\/beuhparadis.com\/da\/product\/apple-jack\/","og_site_name":"Beuh Paradis","article_modified_time":"2025-01-27T04:03:56+00:00","og_image":[{"width":1657,"height":1105,"url":"https:\/\/beuhparadis.com\/wp-content\/uploads\/2024\/12\/Apple-Jack.webp","type":"image\/webp"}],"twitter_card":"summary_large_image","twitter_misc":{"Estimeret l\u00e6setid":"2 minutes"},"schema":{"@context":"https:\/\/schema.org","@graph":[{"@type":"WebPage","@id":"https:\/\/beuhparadis.com\/product\/apple-jack\/","url":"https:\/\/beuhparadis.com\/product\/apple-jack\/","name":"K\u00f8b Apple Jack Weed online - hurtig og diskret levering","isPartOf":{"@id":"https:\/\/beuhparadis.com\/#website"},"primaryImageOfPage":{"@id":"https:\/\/beuhparadis.com\/product\/apple-jack\/#primaryimage"},"image":{"@id":"https:\/\/beuhparadis.com\/product\/apple-jack\/#primaryimage"},"thumbnailUrl":"https:\/\/beuhparadis.com\/wp-content\/uploads\/2024\/12\/Apple-Jack.webp","datePublished":"2024-12-10T23:38:59+00:00","dateModified":"2025-01-27T04:03:56+00:00","description":"K\u00f8b Apple Jack Weed i topkvalitet. Hurtig og diskret levering. Nyd de bedste priser og enest\u00e5ende kundeservice.","breadcrumb":{"@id":"https:\/\/beuhparadis.com\/product\/apple-jack\/#breadcrumb"},"inLanguage":"da-DK","potentialAction":[{"@type":"ReadAction","target":["https:\/\/beuhparadis.com\/product\/apple-jack\/"]}]},{"@type":"ImageObject","inLanguage":"da-DK","@id":"https:\/\/beuhparadis.com\/product\/apple-jack\/#primaryimage","url":"https:\/\/beuhparadis.com\/wp-content\/uploads\/2024\/12\/Apple-Jack.webp","contentUrl":"https:\/\/beuhparadis.com\/wp-content\/uploads\/2024\/12\/Apple-Jack.webp","width":1657,"height":1105},{"@type":"BreadcrumbList","@id":"https:\/\/beuhparadis.com\/product\/apple-jack\/#breadcrumb","itemListElement":[{"@type":"ListItem","position":1,"name":"Home","item":"https:\/\/beuhparadis.com\/"},{"@type":"ListItem","position":2,"name":"Shop","item":"https:\/\/beuhparadis.com\/shop\/"},{"@type":"ListItem","position":3,"name":"Apple Jack"}]},{"@type":"WebSite","@id":"https:\/\/beuhparadis.com\/#website","url":"https:\/\/beuhparadis.com\/","name":"Beuh Paradis","description":"","potentialAction":[{"@type":"SearchAction","target":{"@type":"EntryPoint","urlTemplate":"https:\/\/beuhparadis.com\/?s={search_term_string}"},"query-input":{"@type":"PropertyValueSpecification","valueRequired":true,"valueName":"search_term_string"}}],"inLanguage":"da-DK"}]}},"_links":{"self":[{"href":"https:\/\/beuhparadis.com\/da\/wp-json\/wp\/v2\/product\/1215","targetHints":{"allow":["GET"]}}],"collection":[{"href":"https:\/\/beuhparadis.com\/da\/wp-json\/wp\/v2\/product"}],"about":[{"href":"https:\/\/beuhparadis.com\/da\/wp-json\/wp\/v2\/types\/product"}],"replies":[{"embeddable":true,"href":"https:\/\/beuhparadis.com\/da\/wp-json\/wp\/v2\/comments?post=1215"}],"wp:featuredmedia":[{"embeddable":true,"href":"https:\/\/beuhparadis.com\/da\/wp-json\/wp\/v2\/media\/1245"}],"wp:attachment":[{"href":"https:\/\/beuhparadis.com\/da\/wp-json\/wp\/v2\/media?parent=1215"}],"wp:term":[{"taxonomy":"product_brand","embeddable":true,"href":"https:\/\/beuhparadis.com\/da\/wp-json\/wp\/v2\/product_brand?post=1215"},{"taxonomy":"product_cat","embeddable":true,"href":"https:\/\/beuhparadis.com\/da\/wp-json\/wp\/v2\/product_cat?post=1215"},{"taxonomy":"product_tag","embeddable":true,"href":"https:\/\/beuhparadis.com\/da\/wp-json\/wp\/v2\/product_tag?post=1215"}],"curies":[{"name":"wp","href":"https:\/\/api.w.org\/{rel}","templated":true}]}}