{"id":1204,"date":"2024-12-10T23:38:48","date_gmt":"2024-12-10T23:38:48","guid":{"rendered":"https:\/\/beuhparadis.com\/?post_type=product&#038;p=1204"},"modified":"2025-01-26T16:30:14","modified_gmt":"2025-01-26T16:30:14","slug":"birthday-cake-kush","status":"publish","type":"product","link":"https:\/\/beuhparadis.com\/da\/product\/birthday-cake-kush\/","title":{"rendered":"F\u00f8dselsdagskage Kush"},"content":{"rendered":"<h1 class=\"wp-block-heading\">Birthday Cake Weed: En indica-dominerende fryd<\/h1>\n<p>Birthday Cake Kush, ogs\u00e5 kendt som Birthday Cake, er en indica-dominerende hybridstamme, der er kendt for sine kraftige kropseffekter og s\u00f8de, kagelignende smag. Birthday Cake Kush er resultatet af en krydsning mellem sorterne Girl Scout Cookies og Cherry Pie og er kendetegnet ved sine blomster, der er d\u00e6kket af en THC-rig harpiks, som ligner krystalglasur.<\/p>\n<p><strong>Information om La Souche<\/strong><\/p>\n<ul class=\"wp-block-list\">\n<li><strong>Type :<\/strong> Indica-dominerende hybrid<\/li>\n<li><strong>Genetik :<\/strong> En blanding af spejderkager og kirseb\u00e6rt\u00e6rte<\/li>\n<li><strong>Produktion :<\/strong> Blomstrer med en THC-rig harpiksglasur<\/li>\n<\/ul>\n<h2 class=\"wp-block-heading\">THC og CBD<\/h2>\n<ul class=\"wp-block-list\">\n<li><strong>THC :<\/strong> H\u00f8j, giver dyb afslappende effekt<\/li>\n<li><strong>CBD :<\/strong> Lav, koncentreret om fordelene ved THC<\/li>\n<\/ul>\n<h2 class=\"wp-block-heading\">Hvor kan jeg k\u00f8be Birthday Cake Kush online?<\/h2>\n<p>Birthday Cake Kush f\u00e5s p\u00e5 specialiserede hjemmesider som Acheterducannabis, der tilbyder et bredt udvalg af cannabisstammer i topkvalitet, som opfylder behovene hos de mest kr\u00e6vende forbrugere.<\/p>\n<h2 class=\"wp-block-heading\">Effekter, aroma og smag af f\u00f8dselsdagskage-gr\u00e6s<\/h2>\n<h3 class=\"wp-block-heading\">Effekt<\/h3>\n<ul class=\"wp-block-list\">\n<li><strong>Fornemmelse :<\/strong> Dyb afslapning, sult, d\u00f8sighed<\/li>\n<li><strong>Ideel til :<\/strong> Lindrer smerter, angst, appetitl\u00f8shed, bet\u00e6ndelse og hovedpine<\/li>\n<\/ul>\n<h3 class=\"wp-block-heading\">Aroma<\/h3>\n<p>En gourmandduft af vanilje og s\u00f8dme med et strejf af sm\u00f8r, der leder tankerne hen p\u00e5 den delikate f\u00f8dselsdagskage.<\/p>\n<h3 class=\"wp-block-heading\">Smag<\/h3>\n<p>Noter af vanilje og s\u00f8dme omslutter ganen, suppleret af en subtil sm\u00f8rret eftersmag, der g\u00f8r hvert pust uimodst\u00e5eligt.<\/p>\n<h2 class=\"wp-block-heading\">Medicinske virkninger<\/h2>\n<p>Patienter v\u00e6lger Birthday Cake Kush p\u00e5 grund af dets potentielle terapeutiske fordele, herunder :<\/p>\n<ul class=\"wp-block-list\">\n<li>Angst<\/li>\n<li>Stress<\/li>\n<li>Depression<\/li>\n<\/ul>\n<h2 class=\"wp-block-heading\">Hvorfor k\u00f8be Birthday Cake Kush p\u00e5 beuhparadis?<\/h2>\n<p><a href=\"https:\/\/beuhparadis.com\/da\/product\/lions-cake\/\">Beuhparadis<\/a> er den foretrukne destination for Birthday Cake Kush takket v\u00e6re sit engagement i kvalitet, produktsporbarhed og overholdelse af europ\u00e6iske love om salg af cannabis.<\/p>\n<h2 class=\"wp-block-heading\">Europ\u00e6isk lovgivning om salg af f\u00f8dselsdagskage<\/h2>\n<p>Salget af Birthday Cake ukrudt er, ligesom alle andre former for cannabis, strengt reguleret i Europa. De produkter, der tilbydes p\u00e5 Acheterducannabis, overholder alle g\u00e6ldende juridiske standarder, hvilket sikrer en sikker og lovlig oplevelse for voksne forbrugere.<\/p>\n<p>Birthday Cake weed tilbyder en enest\u00e5ende forbrugsoplevelse, der perfekt kombinerer dyb afslapning og smagsnydelse. Uanset om du \u00f8nsker at lindre \u00f8mhed og smerter eller blot nyde en afslappende afslutning p\u00e5 dagen, <a href=\"https:\/\/www.hytiva.com\/strains\/hybrid\/birthday-cake-kush\">F\u00f8dselsdagskage<\/a> Kush er det perfekte valg. Oplev denne stamme og mange andre p\u00e5 Acheterducannabis, din reference til k\u00f8b af kvalitetscannabis i Europa.<\/p>","protected":false},"excerpt":{"rendered":"<p><strong>THC :<\/strong>\u00a024\u00a0% <strong>Effekter<\/strong> Eufori, glad, sulten, afslappende <strong>Kan lindre<\/strong> Gigt, kroniske smerter, depression, fibromyalgi, gastrointestinale lidelser, hovedpine, s\u00f8vnl\u00f8shed, stress<\/p>","protected":false},"featured_media":1214,"comment_status":"closed","ping_status":"closed","template":"","meta":{"site-sidebar-layout":"default","site-content-layout":"","ast-site-content-layout":"default","site-content-style":"default","site-sidebar-style":"default","ast-global-header-display":"","ast-banner-title-visibility":"","ast-main-header-display":"","ast-hfb-above-header-display":"","ast-hfb-below-header-display":"","ast-hfb-mobile-header-display":"","site-post-title":"","ast-breadcrumbs-content":"","ast-featured-img":"","footer-sml-layout":"","theme-transparent-header-meta":"default","adv-header-id-meta":"","stick-header-meta":"","header-above-stick-meta":"","header-main-stick-meta":"","header-below-stick-meta":"","astra-migrate-meta-layouts":"set","ast-page-background-enabled":"default","ast-page-background-meta":{"desktop":{"background-color":"","background-image":"","background-repeat":"repeat","background-position":"center center","background-size":"auto","background-attachment":"scroll","background-type":"","background-media":"","overlay-type":"","overlay-color":"","overlay-opacity":"","overlay-gradient":""},"tablet":{"background-color":"","background-image":"","background-repeat":"repeat","background-position":"center center","background-size":"auto","background-attachment":"scroll","background-type":"","background-media":"","overlay-type":"","overlay-color":"","overlay-opacity":"","overlay-gradient":""},"mobile":{"background-color":"","background-image":"","background-repeat":"repeat","background-position":"center center","background-size":"auto","background-attachment":"scroll","background-type":"","background-media":"","overlay-type":"","overlay-color":"","overlay-opacity":"","overlay-gradient":""}},"ast-content-background-meta":{"desktop":{"background-color":"var(--ast-global-color-5)","background-image":"","background-repeat":"repeat","background-position":"center center","background-size":"auto","background-attachment":"scroll","background-type":"","background-media":"","overlay-type":"","overlay-color":"","overlay-opacity":"","overlay-gradient":""},"tablet":{"background-color":"var(--ast-global-color-5)","background-image":"","background-repeat":"repeat","background-position":"center center","background-size":"auto","background-attachment":"scroll","background-type":"","background-media":"","overlay-type":"","overlay-color":"","overlay-opacity":"","overlay-gradient":""},"mobile":{"background-color":"var(--ast-global-color-5)","background-image":"","background-repeat":"repeat","background-position":"center center","background-size":"auto","background-attachment":"scroll","background-type":"","background-media":"","overlay-type":"","overlay-color":"","overlay-opacity":"","overlay-gradient":""}},"_joinchat":[]},"product_brand":[],"product_cat":[32,33],"product_tag":[],"class_list":{"0":"post-1204","1":"product","2":"type-product","3":"status-publish","4":"has-post-thumbnail","6":"product_cat-fleur-de-chanvre","7":"product_cat-thc-beuh","8":"desktop-align-left","9":"tablet-align-left","10":"mobile-align-left","12":"first","13":"instock","14":"shipping-taxable","15":"purchasable","16":"product-type-variable"},"yoast_head":"<!-- This site is optimized with the Yoast SEO Premium plugin v24.1 (Yoast SEO v26.8) - https:\/\/yoast.com\/product\/yoast-seo-premium-wordpress\/ -->\n<title>Acheter Birthday Cake Weed | Vari\u00e9t\u00e9 de Cannabis Premium<\/title>\n<meta name=\"description\" content=\"Birthday Cake Weed, un vari\u00e9t\u00e9 de cannabis savoureuse et puissante aux ar\u00f4mes sucr\u00e9s. Parfaite pour se d\u00e9tendre, commandez avec livraison discr\u00e8te et rapide\" \/>\n<meta name=\"robots\" content=\"index, follow, max-snippet:-1, max-image-preview:large, max-video-preview:-1\" \/>\n<link rel=\"canonical\" href=\"https:\/\/beuhparadis.com\/da\/product\/birthday-cake-kush\/\" \/>\n<meta property=\"og:locale\" content=\"da_DK\" \/>\n<meta property=\"og:type\" content=\"article\" \/>\n<meta property=\"og:title\" content=\"Birthday Cake Kush\" \/>\n<meta property=\"og:description\" content=\"Birthday Cake Weed, un vari\u00e9t\u00e9 de cannabis savoureuse et puissante aux ar\u00f4mes sucr\u00e9s. Parfaite pour se d\u00e9tendre, commandez avec livraison discr\u00e8te et rapide\" \/>\n<meta property=\"og:url\" content=\"https:\/\/beuhparadis.com\/da\/product\/birthday-cake-kush\/\" \/>\n<meta property=\"og:site_name\" content=\"Beuh Paradis\" \/>\n<meta property=\"article:modified_time\" content=\"2025-01-26T16:30:14+00:00\" \/>\n<meta property=\"og:image\" content=\"https:\/\/beuhparadis.com\/wp-content\/uploads\/2024\/12\/Birthday-Cake-Kush.webp\" \/>\n\t<meta property=\"og:image:width\" content=\"500\" \/>\n\t<meta property=\"og:image:height\" content=\"500\" \/>\n\t<meta property=\"og:image:type\" content=\"image\/webp\" \/>\n<meta name=\"twitter:card\" content=\"summary_large_image\" \/>\n<meta name=\"twitter:label1\" content=\"Estimeret l\u00e6setid\" \/>\n\t<meta name=\"twitter:data1\" content=\"2 minutes\" \/>\n<script type=\"application\/ld+json\" class=\"yoast-schema-graph\">{\"@context\":\"https:\/\/schema.org\",\"@graph\":[{\"@type\":\"WebPage\",\"@id\":\"https:\/\/beuhparadis.com\/product\/birthday-cake-kush\/\",\"url\":\"https:\/\/beuhparadis.com\/product\/birthday-cake-kush\/\",\"name\":\"Acheter Birthday Cake Weed | Vari\u00e9t\u00e9 de Cannabis Premium\",\"isPartOf\":{\"@id\":\"https:\/\/beuhparadis.com\/#website\"},\"primaryImageOfPage\":{\"@id\":\"https:\/\/beuhparadis.com\/product\/birthday-cake-kush\/#primaryimage\"},\"image\":{\"@id\":\"https:\/\/beuhparadis.com\/product\/birthday-cake-kush\/#primaryimage\"},\"thumbnailUrl\":\"https:\/\/beuhparadis.com\/wp-content\/uploads\/2024\/12\/Birthday-Cake-Kush.webp\",\"datePublished\":\"2024-12-10T23:38:48+00:00\",\"dateModified\":\"2025-01-26T16:30:14+00:00\",\"description\":\"Birthday Cake Weed, un vari\u00e9t\u00e9 de cannabis savoureuse et puissante aux ar\u00f4mes sucr\u00e9s. Parfaite pour se d\u00e9tendre, commandez avec livraison discr\u00e8te et rapide\",\"breadcrumb\":{\"@id\":\"https:\/\/beuhparadis.com\/product\/birthday-cake-kush\/#breadcrumb\"},\"inLanguage\":\"da-DK\",\"potentialAction\":[{\"@type\":\"ReadAction\",\"target\":[\"https:\/\/beuhparadis.com\/product\/birthday-cake-kush\/\"]}]},{\"@type\":\"ImageObject\",\"inLanguage\":\"da-DK\",\"@id\":\"https:\/\/beuhparadis.com\/product\/birthday-cake-kush\/#primaryimage\",\"url\":\"https:\/\/beuhparadis.com\/wp-content\/uploads\/2024\/12\/Birthday-Cake-Kush.webp\",\"contentUrl\":\"https:\/\/beuhparadis.com\/wp-content\/uploads\/2024\/12\/Birthday-Cake-Kush.webp\",\"width\":500,\"height\":500},{\"@type\":\"BreadcrumbList\",\"@id\":\"https:\/\/beuhparadis.com\/product\/birthday-cake-kush\/#breadcrumb\",\"itemListElement\":[{\"@type\":\"ListItem\",\"position\":1,\"name\":\"Home\",\"item\":\"https:\/\/beuhparadis.com\/\"},{\"@type\":\"ListItem\",\"position\":2,\"name\":\"Shop\",\"item\":\"https:\/\/beuhparadis.com\/shop\/\"},{\"@type\":\"ListItem\",\"position\":3,\"name\":\"Birthday Cake Kush\"}]},{\"@type\":\"WebSite\",\"@id\":\"https:\/\/beuhparadis.com\/#website\",\"url\":\"https:\/\/beuhparadis.com\/\",\"name\":\"Beuh Paradis\",\"description\":\"\",\"potentialAction\":[{\"@type\":\"SearchAction\",\"target\":{\"@type\":\"EntryPoint\",\"urlTemplate\":\"https:\/\/beuhparadis.com\/?s={search_term_string}\"},\"query-input\":{\"@type\":\"PropertyValueSpecification\",\"valueRequired\":true,\"valueName\":\"search_term_string\"}}],\"inLanguage\":\"da-DK\"}]}<\/script>\n<!-- \/ Yoast SEO Premium plugin. -->","yoast_head_json":{"title":"K\u00f8b Birthday Cake Weed | Premium Cannabis Variety","description":"Birthday Cake Weed, en velsmagende, kraftig cannabisstamme med en s\u00f8d aroma. Perfekt til afslapning, bestil med hurtig, diskret levering.","robots":{"index":"index","follow":"follow","max-snippet":"max-snippet:-1","max-image-preview":"max-image-preview:large","max-video-preview":"max-video-preview:-1"},"canonical":"https:\/\/beuhparadis.com\/da\/product\/birthday-cake-kush\/","og_locale":"da_DK","og_type":"article","og_title":"Birthday Cake Kush","og_description":"Birthday Cake Weed, un vari\u00e9t\u00e9 de cannabis savoureuse et puissante aux ar\u00f4mes sucr\u00e9s. Parfaite pour se d\u00e9tendre, commandez avec livraison discr\u00e8te et rapide","og_url":"https:\/\/beuhparadis.com\/da\/product\/birthday-cake-kush\/","og_site_name":"Beuh Paradis","article_modified_time":"2025-01-26T16:30:14+00:00","og_image":[{"width":500,"height":500,"url":"https:\/\/beuhparadis.com\/wp-content\/uploads\/2024\/12\/Birthday-Cake-Kush.webp","type":"image\/webp"}],"twitter_card":"summary_large_image","twitter_misc":{"Estimeret l\u00e6setid":"2 minutes"},"schema":{"@context":"https:\/\/schema.org","@graph":[{"@type":"WebPage","@id":"https:\/\/beuhparadis.com\/product\/birthday-cake-kush\/","url":"https:\/\/beuhparadis.com\/product\/birthday-cake-kush\/","name":"K\u00f8b Birthday Cake Weed | Premium Cannabis Variety","isPartOf":{"@id":"https:\/\/beuhparadis.com\/#website"},"primaryImageOfPage":{"@id":"https:\/\/beuhparadis.com\/product\/birthday-cake-kush\/#primaryimage"},"image":{"@id":"https:\/\/beuhparadis.com\/product\/birthday-cake-kush\/#primaryimage"},"thumbnailUrl":"https:\/\/beuhparadis.com\/wp-content\/uploads\/2024\/12\/Birthday-Cake-Kush.webp","datePublished":"2024-12-10T23:38:48+00:00","dateModified":"2025-01-26T16:30:14+00:00","description":"Birthday Cake Weed, en velsmagende, kraftig cannabisstamme med en s\u00f8d aroma. Perfekt til afslapning, bestil med hurtig, diskret levering.","breadcrumb":{"@id":"https:\/\/beuhparadis.com\/product\/birthday-cake-kush\/#breadcrumb"},"inLanguage":"da-DK","potentialAction":[{"@type":"ReadAction","target":["https:\/\/beuhparadis.com\/product\/birthday-cake-kush\/"]}]},{"@type":"ImageObject","inLanguage":"da-DK","@id":"https:\/\/beuhparadis.com\/product\/birthday-cake-kush\/#primaryimage","url":"https:\/\/beuhparadis.com\/wp-content\/uploads\/2024\/12\/Birthday-Cake-Kush.webp","contentUrl":"https:\/\/beuhparadis.com\/wp-content\/uploads\/2024\/12\/Birthday-Cake-Kush.webp","width":500,"height":500},{"@type":"BreadcrumbList","@id":"https:\/\/beuhparadis.com\/product\/birthday-cake-kush\/#breadcrumb","itemListElement":[{"@type":"ListItem","position":1,"name":"Home","item":"https:\/\/beuhparadis.com\/"},{"@type":"ListItem","position":2,"name":"Shop","item":"https:\/\/beuhparadis.com\/shop\/"},{"@type":"ListItem","position":3,"name":"Birthday Cake Kush"}]},{"@type":"WebSite","@id":"https:\/\/beuhparadis.com\/#website","url":"https:\/\/beuhparadis.com\/","name":"Beuh Paradis","description":"","potentialAction":[{"@type":"SearchAction","target":{"@type":"EntryPoint","urlTemplate":"https:\/\/beuhparadis.com\/?s={search_term_string}"},"query-input":{"@type":"PropertyValueSpecification","valueRequired":true,"valueName":"search_term_string"}}],"inLanguage":"da-DK"}]}},"_links":{"self":[{"href":"https:\/\/beuhparadis.com\/da\/wp-json\/wp\/v2\/product\/1204","targetHints":{"allow":["GET"]}}],"collection":[{"href":"https:\/\/beuhparadis.com\/da\/wp-json\/wp\/v2\/product"}],"about":[{"href":"https:\/\/beuhparadis.com\/da\/wp-json\/wp\/v2\/types\/product"}],"replies":[{"embeddable":true,"href":"https:\/\/beuhparadis.com\/da\/wp-json\/wp\/v2\/comments?post=1204"}],"wp:featuredmedia":[{"embeddable":true,"href":"https:\/\/beuhparadis.com\/da\/wp-json\/wp\/v2\/media\/1214"}],"wp:attachment":[{"href":"https:\/\/beuhparadis.com\/da\/wp-json\/wp\/v2\/media?parent=1204"}],"wp:term":[{"taxonomy":"product_brand","embeddable":true,"href":"https:\/\/beuhparadis.com\/da\/wp-json\/wp\/v2\/product_brand?post=1204"},{"taxonomy":"product_cat","embeddable":true,"href":"https:\/\/beuhparadis.com\/da\/wp-json\/wp\/v2\/product_cat?post=1204"},{"taxonomy":"product_tag","embeddable":true,"href":"https:\/\/beuhparadis.com\/da\/wp-json\/wp\/v2\/product_tag?post=1204"}],"curies":[{"name":"wp","href":"https:\/\/api.w.org\/{rel}","templated":true}]}}