{"id":1199,"date":"2024-12-10T23:38:48","date_gmt":"2024-12-10T23:38:48","guid":{"rendered":"https:\/\/beuhparadis.com\/?post_type=product&#038;p=1199"},"modified":"2025-01-26T16:35:46","modified_gmt":"2025-01-26T16:35:46","slug":"cannatonic-weed","status":"publish","type":"product","link":"https:\/\/beuhparadis.com\/da\/product\/cannatonic-weed\/","title":{"rendered":"Cannatonisk ukrudt"},"content":{"rendered":"<h1 class=\"wp-block-heading\">K\u00f8b Cannatonic Weed: Den ultimative medicinske stamme<\/h1>\n<p>Cannatonic Weed er en cannabisstamme, der hovedsageligt er rig p\u00e5 CBD, og som er resultatet af en krydsning mellem MK Ultra og G13 Haze. Denne stamme er kendt for sine afslappende virkninger og skiller sig ud ved sin evne til at give dyb afslapning, samtidig med at den stimulerer en f\u00f8lelse af \u00e5rv\u00e5genhed og koncentration.<\/p>\n<p><strong>N\u00f8gleoplysninger<\/strong><\/p>\n<ul class=\"wp-block-list\">\n<li><strong>Type :<\/strong> Hovedsageligt CBD<\/li>\n<li><strong>Genetik :<\/strong> Krydsning mellem MK Ultra og G13 Haze<\/li>\n<li><strong>Produktion :<\/strong> Omhyggeligt dyrket for at sikre et h\u00f8jt CBD-indhold<\/li>\n<\/ul>\n<h2 class=\"wp-block-heading\">THC og CBD<\/h2>\n<ul class=\"wp-block-list\">\n<li><strong>THC :<\/strong> Lav<\/li>\n<li><strong>CBD :<\/strong> H\u00f8j, hvilket g\u00f8r Cannatonic Weed ideel til patienter, der s\u00f8ger terapeutiske fordele uden de intense psykoaktive effekter.<\/li>\n<\/ul>\n<h2 class=\"wp-block-heading\">Hvor kan jeg k\u00f8be Cannatonic Weed online?<\/h2>\n<p>Cannatonic Weed er tilg\u00e6ngelig p\u00e5 specialiserede platforme som Acheterducannabis, der tilbyder up\u00e5klagelig kvalitet og fuld overensstemmelse med europ\u00e6iske cannabislove.<\/p>\n<h2 class=\"wp-block-heading\">Effekter, aroma og smag af Cannatonic<\/h2>\n<h3 class=\"wp-block-heading\">Effekt<\/h3>\n<ul class=\"wp-block-list\">\n<li><strong>Fornemmelse :<\/strong> Afslapning, koncentration og h\u00f8jnelse af \u00e5nden<\/li>\n<li><strong>Ideel til :<\/strong> Medicinsk brug som f.eks. smertebehandling, muskelspasmer, angst og migr\u00e6ne<\/li>\n<\/ul>\n<h3 class=\"wp-block-heading\">Aroma<\/h3>\n<p>En let jordagtig duft med s\u00f8de citrusnuancer, der er karakteristisk for Cannatonic-stammen.<\/p>\n<h3 class=\"wp-block-heading\">Smag<\/h3>\n<p>En tr\u00e6agtig, krydret\/urteagtig og fyrretr\u00e6sagtig smag, der beriger drikkeoplevelsen af denne unikke sort.<\/p>\n<h2 class=\"wp-block-heading\">Medicinske virkninger af Cannatonic<\/h2>\n<p>Medicinske patienter v\u00e6lger Cannatonic Weed for dets potentiale til at lindre :<\/p>\n<ul class=\"wp-block-list\">\n<li>Smerten<\/li>\n<li>Stress<\/li>\n<li>Angst<\/li>\n<\/ul>\n<h2 class=\"wp-block-heading\">Hvorfor k\u00f8be Cannatonic Weed p\u00e5 beuhparadis?<\/h2>\n<p>V\u00e6lg at <a href=\"https:\/\/beuhparadis.com\/da\" data-type=\"link\" data-id=\"https:\/\/acheterducannabis.fr\/\">beuhparadis<\/a> for at k\u00f8be Cannatonic Weed og drage fordel af ekspertr\u00e5dgivning, garanteret kvalitet og levering, der overholder europ\u00e6iske regler.<\/p>\n<h2 class=\"wp-block-heading\">Europ\u00e6isk lovgivning om salg af Cannatonic<\/h2>\n<p>Salget af Cannatonic-stammen f\u00f8lger som alle cannabisstammer n\u00f8je de standarder, der er fastsat i Europa, hvilket garanterer den korrekte THC-koncentration og lovlig adgang for voksne forbrugere.<\/p>\n<p>Cannatonic Weed er en vigtig l\u00f8sning for brugere, der s\u00f8ger lindring uden de berusende virkninger, der ofte er forbundet med THC. Uanset om det er til medicinsk brug eller bare til et \u00f8jebliks afslapning, <a href=\"https:\/\/www.cannaconnection.com\/strains\/cannatonic\" data-type=\"link\" data-id=\"https:\/\/www.cannaconnection.com\/strains\/cannatonic\">Cannatonisk stamme<\/a> tilbyder en givende oplevelse, der fremh\u00e6ver fordelene ved CBD. Oplev denne enest\u00e5ende sort og mange andre p\u00e5 Acheterducannabis, din foretrukne destination for cannabisprodukter af h\u00f8j kvalitet i Europa.<\/p>","protected":false},"excerpt":{"rendered":"<p><strong>THC :<\/strong> 7 % - 8 %, CBD : 14 %, CBN : 1 % <strong>Effekter<\/strong> Beroligende, glad, blid, afslappende, opbyggelig <strong>Kan lindre<\/strong> Angst, kroniske smerter, kramper, hovedpine, migr\u00e6ne, muskelspasmer, stress<\/p>","protected":false},"featured_media":1213,"comment_status":"closed","ping_status":"closed","template":"","meta":{"site-sidebar-layout":"default","site-content-layout":"","ast-site-content-layout":"default","site-content-style":"default","site-sidebar-style":"default","ast-global-header-display":"","ast-banner-title-visibility":"","ast-main-header-display":"","ast-hfb-above-header-display":"","ast-hfb-below-header-display":"","ast-hfb-mobile-header-display":"","site-post-title":"","ast-breadcrumbs-content":"","ast-featured-img":"","footer-sml-layout":"","theme-transparent-header-meta":"default","adv-header-id-meta":"","stick-header-meta":"","header-above-stick-meta":"","header-main-stick-meta":"","header-below-stick-meta":"","astra-migrate-meta-layouts":"set","ast-page-background-enabled":"default","ast-page-background-meta":{"desktop":{"background-color":"","background-image":"","background-repeat":"repeat","background-position":"center center","background-size":"auto","background-attachment":"scroll","background-type":"","background-media":"","overlay-type":"","overlay-color":"","overlay-opacity":"","overlay-gradient":""},"tablet":{"background-color":"","background-image":"","background-repeat":"repeat","background-position":"center center","background-size":"auto","background-attachment":"scroll","background-type":"","background-media":"","overlay-type":"","overlay-color":"","overlay-opacity":"","overlay-gradient":""},"mobile":{"background-color":"","background-image":"","background-repeat":"repeat","background-position":"center center","background-size":"auto","background-attachment":"scroll","background-type":"","background-media":"","overlay-type":"","overlay-color":"","overlay-opacity":"","overlay-gradient":""}},"ast-content-background-meta":{"desktop":{"background-color":"var(--ast-global-color-5)","background-image":"","background-repeat":"repeat","background-position":"center center","background-size":"auto","background-attachment":"scroll","background-type":"","background-media":"","overlay-type":"","overlay-color":"","overlay-opacity":"","overlay-gradient":""},"tablet":{"background-color":"var(--ast-global-color-5)","background-image":"","background-repeat":"repeat","background-position":"center center","background-size":"auto","background-attachment":"scroll","background-type":"","background-media":"","overlay-type":"","overlay-color":"","overlay-opacity":"","overlay-gradient":""},"mobile":{"background-color":"var(--ast-global-color-5)","background-image":"","background-repeat":"repeat","background-position":"center center","background-size":"auto","background-attachment":"scroll","background-type":"","background-media":"","overlay-type":"","overlay-color":"","overlay-opacity":"","overlay-gradient":""}},"_joinchat":[]},"product_brand":[],"product_cat":[32,33],"product_tag":[],"class_list":{"0":"post-1199","1":"product","2":"type-product","3":"status-publish","4":"has-post-thumbnail","6":"product_cat-fleur-de-chanvre","7":"product_cat-thc-beuh","8":"desktop-align-left","9":"tablet-align-left","10":"mobile-align-left","12":"first","13":"instock","14":"shipping-taxable","15":"purchasable","16":"product-type-variable"},"yoast_head":"<!-- This site is optimized with the Yoast SEO Premium plugin v24.1 (Yoast SEO v26.8) - https:\/\/yoast.com\/product\/yoast-seo-premium-wordpress\/ -->\n<title>Acheter Cannatonic Weed | Cannabis \u00e0 Haute Teneur en CBD<\/title>\n<meta name=\"description\" content=\"Acheter Cannatonic Weed ? D\u00e9couvrez cette vari\u00e9t\u00e9 \u00e9quilibr\u00e9e, riche en CBD et faible en THC, id\u00e9ale pour la relaxation sans effets psychoactifs intenses. C\" \/>\n<meta name=\"robots\" content=\"index, follow, max-snippet:-1, max-image-preview:large, max-video-preview:-1\" \/>\n<link rel=\"canonical\" href=\"https:\/\/beuhparadis.com\/da\/product\/cannatonic-weed\/\" \/>\n<meta property=\"og:locale\" content=\"da_DK\" \/>\n<meta property=\"og:type\" content=\"article\" \/>\n<meta property=\"og:title\" content=\"Cannatonic Weed\" \/>\n<meta property=\"og:description\" content=\"Acheter Cannatonic Weed ? D\u00e9couvrez cette vari\u00e9t\u00e9 \u00e9quilibr\u00e9e, riche en CBD et faible en THC, id\u00e9ale pour la relaxation sans effets psychoactifs intenses. C\" \/>\n<meta property=\"og:url\" content=\"https:\/\/beuhparadis.com\/da\/product\/cannatonic-weed\/\" \/>\n<meta property=\"og:site_name\" content=\"Beuh Paradis\" \/>\n<meta property=\"article:modified_time\" content=\"2025-01-26T16:35:46+00:00\" \/>\n<meta property=\"og:image\" content=\"https:\/\/beuhparadis.com\/wp-content\/uploads\/2024\/12\/Cannatonic-Weed.webp\" \/>\n\t<meta property=\"og:image:width\" content=\"500\" \/>\n\t<meta property=\"og:image:height\" content=\"500\" \/>\n\t<meta property=\"og:image:type\" content=\"image\/webp\" \/>\n<meta name=\"twitter:card\" content=\"summary_large_image\" \/>\n<meta name=\"twitter:label1\" content=\"Estimeret l\u00e6setid\" \/>\n\t<meta name=\"twitter:data1\" content=\"2 minutes\" \/>\n<script type=\"application\/ld+json\" class=\"yoast-schema-graph\">{\"@context\":\"https:\/\/schema.org\",\"@graph\":[{\"@type\":\"WebPage\",\"@id\":\"https:\/\/beuhparadis.com\/product\/cannatonic-weed\/\",\"url\":\"https:\/\/beuhparadis.com\/product\/cannatonic-weed\/\",\"name\":\"Acheter Cannatonic Weed | Cannabis \u00e0 Haute Teneur en CBD\",\"isPartOf\":{\"@id\":\"https:\/\/beuhparadis.com\/#website\"},\"primaryImageOfPage\":{\"@id\":\"https:\/\/beuhparadis.com\/product\/cannatonic-weed\/#primaryimage\"},\"image\":{\"@id\":\"https:\/\/beuhparadis.com\/product\/cannatonic-weed\/#primaryimage\"},\"thumbnailUrl\":\"https:\/\/beuhparadis.com\/wp-content\/uploads\/2024\/12\/Cannatonic-Weed.webp\",\"datePublished\":\"2024-12-10T23:38:48+00:00\",\"dateModified\":\"2025-01-26T16:35:46+00:00\",\"description\":\"Acheter Cannatonic Weed ? D\u00e9couvrez cette vari\u00e9t\u00e9 \u00e9quilibr\u00e9e, riche en CBD et faible en THC, id\u00e9ale pour la relaxation sans effets psychoactifs intenses. C\",\"breadcrumb\":{\"@id\":\"https:\/\/beuhparadis.com\/product\/cannatonic-weed\/#breadcrumb\"},\"inLanguage\":\"da-DK\",\"potentialAction\":[{\"@type\":\"ReadAction\",\"target\":[\"https:\/\/beuhparadis.com\/product\/cannatonic-weed\/\"]}]},{\"@type\":\"ImageObject\",\"inLanguage\":\"da-DK\",\"@id\":\"https:\/\/beuhparadis.com\/product\/cannatonic-weed\/#primaryimage\",\"url\":\"https:\/\/beuhparadis.com\/wp-content\/uploads\/2024\/12\/Cannatonic-Weed.webp\",\"contentUrl\":\"https:\/\/beuhparadis.com\/wp-content\/uploads\/2024\/12\/Cannatonic-Weed.webp\",\"width\":500,\"height\":500},{\"@type\":\"BreadcrumbList\",\"@id\":\"https:\/\/beuhparadis.com\/product\/cannatonic-weed\/#breadcrumb\",\"itemListElement\":[{\"@type\":\"ListItem\",\"position\":1,\"name\":\"Home\",\"item\":\"https:\/\/beuhparadis.com\/\"},{\"@type\":\"ListItem\",\"position\":2,\"name\":\"Shop\",\"item\":\"https:\/\/beuhparadis.com\/shop\/\"},{\"@type\":\"ListItem\",\"position\":3,\"name\":\"Cannatonic Weed\"}]},{\"@type\":\"WebSite\",\"@id\":\"https:\/\/beuhparadis.com\/#website\",\"url\":\"https:\/\/beuhparadis.com\/\",\"name\":\"Beuh Paradis\",\"description\":\"\",\"potentialAction\":[{\"@type\":\"SearchAction\",\"target\":{\"@type\":\"EntryPoint\",\"urlTemplate\":\"https:\/\/beuhparadis.com\/?s={search_term_string}\"},\"query-input\":{\"@type\":\"PropertyValueSpecification\",\"valueRequired\":true,\"valueName\":\"search_term_string\"}}],\"inLanguage\":\"da-DK\"}]}<\/script>\n<!-- \/ Yoast SEO Premium plugin. -->","yoast_head_json":{"title":"K\u00f8b Cannatonic Weed | Cannabis med h\u00f8jt CBD-indhold","description":"K\u00f8b Cannatonic Weed? Oplev denne afbalancerede sort med et h\u00f8jt indhold af CBD og et lavt indhold af THC, som er ideel til afslapning uden intense psykoaktive effekter. C","robots":{"index":"index","follow":"follow","max-snippet":"max-snippet:-1","max-image-preview":"max-image-preview:large","max-video-preview":"max-video-preview:-1"},"canonical":"https:\/\/beuhparadis.com\/da\/product\/cannatonic-weed\/","og_locale":"da_DK","og_type":"article","og_title":"Cannatonic Weed","og_description":"Acheter Cannatonic Weed ? D\u00e9couvrez cette vari\u00e9t\u00e9 \u00e9quilibr\u00e9e, riche en CBD et faible en THC, id\u00e9ale pour la relaxation sans effets psychoactifs intenses. C","og_url":"https:\/\/beuhparadis.com\/da\/product\/cannatonic-weed\/","og_site_name":"Beuh Paradis","article_modified_time":"2025-01-26T16:35:46+00:00","og_image":[{"width":500,"height":500,"url":"https:\/\/beuhparadis.com\/wp-content\/uploads\/2024\/12\/Cannatonic-Weed.webp","type":"image\/webp"}],"twitter_card":"summary_large_image","twitter_misc":{"Estimeret l\u00e6setid":"2 minutes"},"schema":{"@context":"https:\/\/schema.org","@graph":[{"@type":"WebPage","@id":"https:\/\/beuhparadis.com\/product\/cannatonic-weed\/","url":"https:\/\/beuhparadis.com\/product\/cannatonic-weed\/","name":"K\u00f8b Cannatonic Weed | Cannabis med h\u00f8jt CBD-indhold","isPartOf":{"@id":"https:\/\/beuhparadis.com\/#website"},"primaryImageOfPage":{"@id":"https:\/\/beuhparadis.com\/product\/cannatonic-weed\/#primaryimage"},"image":{"@id":"https:\/\/beuhparadis.com\/product\/cannatonic-weed\/#primaryimage"},"thumbnailUrl":"https:\/\/beuhparadis.com\/wp-content\/uploads\/2024\/12\/Cannatonic-Weed.webp","datePublished":"2024-12-10T23:38:48+00:00","dateModified":"2025-01-26T16:35:46+00:00","description":"K\u00f8b Cannatonic Weed? Oplev denne afbalancerede sort med et h\u00f8jt indhold af CBD og et lavt indhold af THC, som er ideel til afslapning uden intense psykoaktive effekter. C","breadcrumb":{"@id":"https:\/\/beuhparadis.com\/product\/cannatonic-weed\/#breadcrumb"},"inLanguage":"da-DK","potentialAction":[{"@type":"ReadAction","target":["https:\/\/beuhparadis.com\/product\/cannatonic-weed\/"]}]},{"@type":"ImageObject","inLanguage":"da-DK","@id":"https:\/\/beuhparadis.com\/product\/cannatonic-weed\/#primaryimage","url":"https:\/\/beuhparadis.com\/wp-content\/uploads\/2024\/12\/Cannatonic-Weed.webp","contentUrl":"https:\/\/beuhparadis.com\/wp-content\/uploads\/2024\/12\/Cannatonic-Weed.webp","width":500,"height":500},{"@type":"BreadcrumbList","@id":"https:\/\/beuhparadis.com\/product\/cannatonic-weed\/#breadcrumb","itemListElement":[{"@type":"ListItem","position":1,"name":"Home","item":"https:\/\/beuhparadis.com\/"},{"@type":"ListItem","position":2,"name":"Shop","item":"https:\/\/beuhparadis.com\/shop\/"},{"@type":"ListItem","position":3,"name":"Cannatonic Weed"}]},{"@type":"WebSite","@id":"https:\/\/beuhparadis.com\/#website","url":"https:\/\/beuhparadis.com\/","name":"Beuh Paradis","description":"","potentialAction":[{"@type":"SearchAction","target":{"@type":"EntryPoint","urlTemplate":"https:\/\/beuhparadis.com\/?s={search_term_string}"},"query-input":{"@type":"PropertyValueSpecification","valueRequired":true,"valueName":"search_term_string"}}],"inLanguage":"da-DK"}]}},"_links":{"self":[{"href":"https:\/\/beuhparadis.com\/da\/wp-json\/wp\/v2\/product\/1199","targetHints":{"allow":["GET"]}}],"collection":[{"href":"https:\/\/beuhparadis.com\/da\/wp-json\/wp\/v2\/product"}],"about":[{"href":"https:\/\/beuhparadis.com\/da\/wp-json\/wp\/v2\/types\/product"}],"replies":[{"embeddable":true,"href":"https:\/\/beuhparadis.com\/da\/wp-json\/wp\/v2\/comments?post=1199"}],"wp:featuredmedia":[{"embeddable":true,"href":"https:\/\/beuhparadis.com\/da\/wp-json\/wp\/v2\/media\/1213"}],"wp:attachment":[{"href":"https:\/\/beuhparadis.com\/da\/wp-json\/wp\/v2\/media?parent=1199"}],"wp:term":[{"taxonomy":"product_brand","embeddable":true,"href":"https:\/\/beuhparadis.com\/da\/wp-json\/wp\/v2\/product_brand?post=1199"},{"taxonomy":"product_cat","embeddable":true,"href":"https:\/\/beuhparadis.com\/da\/wp-json\/wp\/v2\/product_cat?post=1199"},{"taxonomy":"product_tag","embeddable":true,"href":"https:\/\/beuhparadis.com\/da\/wp-json\/wp\/v2\/product_tag?post=1199"}],"curies":[{"name":"wp","href":"https:\/\/api.w.org\/{rel}","templated":true}]}}