{"id":1194,"date":"2024-12-10T23:38:48","date_gmt":"2024-12-10T23:38:48","guid":{"rendered":"https:\/\/beuhparadis.com\/?post_type=product&#038;p=1194"},"modified":"2025-01-26T16:26:26","modified_gmt":"2025-01-26T16:26:26","slug":"lions-cake","status":"publish","type":"product","link":"https:\/\/beuhparadis.com\/da\/product\/lions-cake\/","title":{"rendered":"L\u00f8vens kage"},"content":{"rendered":"<h1 class=\"wp-block-heading\">K\u00f8b Lion's Cake Weed: Hybrid med euforiserende effekter<\/h1>\n<p>Lion's Cake Weed, en unik hybridstamme, er en krydsning mellem The Original Z og Lava Cake. Den er v\u00e6rdsat for sine stimulerende effekter og giver en euforisk og tilfredsstillende oplevelse, der er ideel for kendere p\u00e5 jagt efter nye fornemmelser.<\/p>\n<h2 class=\"wp-block-heading\">Information om Lion's Cake-stammen<\/h2>\n<ul class=\"wp-block-list\">\n<li><strong>Type :<\/strong> Hybrid<\/li>\n<li><strong>Genetik :<\/strong> En krydsning mellem The Original Z og Lava Cake<\/li>\n<li><strong>Producent :<\/strong> Ekspert i cannabisdyrkning<\/li>\n<\/ul>\n<h2 class=\"wp-block-heading\">THC og CBD<\/h2>\n<ul class=\"wp-block-list\">\n<li><strong>THC :<\/strong> 26%, der garanterer h\u00f8j effekt<\/li>\n<li><strong>CBG :<\/strong> 1%, der beriger sin cannabinoidprofil<\/li>\n<\/ul>\n<h2 class=\"wp-block-heading\">Hvor kan jeg k\u00f8be Lion's Cake Weed online?<\/h2>\n<p>Oplev Lion's Cake Weed p\u00e5 velrenommerede online platforme som Acheterducannabis, der tilbyder et strengt udvalg af de bedste stammer for maksimal tilfredshed.<\/p>\n<h2 class=\"wp-block-heading\">Effekter, smag og duft af Lion's Cake<\/h2>\n<h3 class=\"wp-block-heading\">Effekt<\/h3>\n<ul class=\"wp-block-list\">\n<li><strong>Fornemmelse :<\/strong> Eufori, sult, sp\u00e6nding<\/li>\n<li><strong>Ideel til :<\/strong> Dyb afslapning eller et boost af kreativ energi<\/li>\n<\/ul>\n<h3 class=\"wp-block-heading\">Aroma<\/h3>\n<p>En f\u00e6ngslende blanding af ammoniak og tr\u00e6, der vidner om dens unikke og aromatiske kompleksitet.<\/p>\n<h3 class=\"wp-block-heading\">Smag<\/h3>\n<p>Smagen af Lion's Cake Weed fremkalder en harmoni af tr\u00e6 og subtile nuancer, der giver en rig og tilfredsstillende smagsoplevelse.<\/p>\n<h2 class=\"wp-block-heading\">Medicinske virkninger<\/h2>\n<p>Lion's Cake er eftertragtet for sine potentielle fordele p\u00e5 :<\/p>\n<ul class=\"wp-block-list\">\n<li>Kramper<\/li>\n<li>Smerten<\/li>\n<li>Stress<\/li>\n<\/ul>\n<h2 class=\"wp-block-heading\">Hvorfor k\u00f8be Lion's Cake Weed fra beuhparadis?<\/h2>\n<p><a href=\"https:\/\/beuhparadis.com\/da\/product\/trideri-weed\/\">Beuhparadis<\/a> er dit foretrukne valg til Lion's Cake Weed takket v\u00e6re dets engagement i kvalitet, sporbarhed og overholdelse af lovgivningen, hvilket sikrer en optimal og sikker brugeroplevelse.<\/p>\n<h2 class=\"wp-block-heading\">Europ\u00e6isk lovgivning om salg af Lion's Cake<\/h2>\n<p>Salget af Lion's Cake Weed er ligesom alle andre cannabissorter strengt reguleret i Europa med en THC-koncentration, der er i overensstemmelse med de juridiske standarder, hvilket g\u00f8r denne sort tilg\u00e6ngelig og lovlig for voksne forbrugere.<\/p>\n<p>Lion's Cake Weed har en rig terpenprofil, der domineres af limonen, med behageligt citronagtige og krydrede noter takket v\u00e6re pinen og caryophyllen. Uanset om du \u00f8nsker at lindre smerter, reducere stress eller blot nyde en euforisk oplevelse, <a href=\"https:\/\/www.allbud.com\/marijuana-strains\/hybrid\/lions-cake\" data-type=\"link\" data-id=\"https:\/\/www.allbud.com\/marijuana-strains\/hybrid\/lions-cake\">L\u00f8vens kage<\/a> er et fremragende valg. Denne sort er tilg\u00e6ngelig fra Acheterducannabis og lover ikke kun kraftige effekter, men ogs\u00e5 et uforglemmeligt smagseventyr for alle cannabiselskere i Europa.<\/p>","protected":false},"excerpt":{"rendered":"<ul>\n<li>Stress<\/li>\n<\/ul>\n<p><strong>THC:<\/strong> 26%<\/p>\n<p><strong>Medicinske virkninger<\/strong><br \/>\nLion's Cake er eftertragtet p\u00e5 grund af sine potentielle fordele:<\/p>\n<ul class=\"wp-block-list\">\n<li>Kramper<\/li>\n<li>Smerten<\/li>\n<li>Stress<\/li>\n<\/ul>","protected":false},"featured_media":1212,"comment_status":"closed","ping_status":"closed","template":"","meta":{"site-sidebar-layout":"default","site-content-layout":"","ast-site-content-layout":"default","site-content-style":"default","site-sidebar-style":"default","ast-global-header-display":"","ast-banner-title-visibility":"","ast-main-header-display":"","ast-hfb-above-header-display":"","ast-hfb-below-header-display":"","ast-hfb-mobile-header-display":"","site-post-title":"","ast-breadcrumbs-content":"","ast-featured-img":"","footer-sml-layout":"","theme-transparent-header-meta":"default","adv-header-id-meta":"","stick-header-meta":"","header-above-stick-meta":"","header-main-stick-meta":"","header-below-stick-meta":"","astra-migrate-meta-layouts":"set","ast-page-background-enabled":"default","ast-page-background-meta":{"desktop":{"background-color":"","background-image":"","background-repeat":"repeat","background-position":"center center","background-size":"auto","background-attachment":"scroll","background-type":"","background-media":"","overlay-type":"","overlay-color":"","overlay-opacity":"","overlay-gradient":""},"tablet":{"background-color":"","background-image":"","background-repeat":"repeat","background-position":"center center","background-size":"auto","background-attachment":"scroll","background-type":"","background-media":"","overlay-type":"","overlay-color":"","overlay-opacity":"","overlay-gradient":""},"mobile":{"background-color":"","background-image":"","background-repeat":"repeat","background-position":"center center","background-size":"auto","background-attachment":"scroll","background-type":"","background-media":"","overlay-type":"","overlay-color":"","overlay-opacity":"","overlay-gradient":""}},"ast-content-background-meta":{"desktop":{"background-color":"var(--ast-global-color-5)","background-image":"","background-repeat":"repeat","background-position":"center center","background-size":"auto","background-attachment":"scroll","background-type":"","background-media":"","overlay-type":"","overlay-color":"","overlay-opacity":"","overlay-gradient":""},"tablet":{"background-color":"var(--ast-global-color-5)","background-image":"","background-repeat":"repeat","background-position":"center center","background-size":"auto","background-attachment":"scroll","background-type":"","background-media":"","overlay-type":"","overlay-color":"","overlay-opacity":"","overlay-gradient":""},"mobile":{"background-color":"var(--ast-global-color-5)","background-image":"","background-repeat":"repeat","background-position":"center center","background-size":"auto","background-attachment":"scroll","background-type":"","background-media":"","overlay-type":"","overlay-color":"","overlay-opacity":"","overlay-gradient":""}},"_joinchat":[]},"product_brand":[],"product_cat":[32,33],"product_tag":[],"class_list":{"0":"post-1194","1":"product","2":"type-product","3":"status-publish","4":"has-post-thumbnail","6":"product_cat-fleur-de-chanvre","7":"product_cat-thc-beuh","8":"desktop-align-left","9":"tablet-align-left","10":"mobile-align-left","12":"first","13":"instock","14":"shipping-taxable","15":"purchasable","16":"product-type-variable"},"yoast_head":"<!-- This site is optimized with the Yoast SEO Premium plugin v24.1 (Yoast SEO v26.8) - https:\/\/yoast.com\/product\/yoast-seo-premium-wordpress\/ -->\n<title>Acheter Lion\u2019s Cake Weed | Cannabis de Qualit\u00e9 Sup\u00e9rieure<\/title>\n<meta name=\"description\" content=\"Acheter Lion\u2019s Cake Weed, une vari\u00e9t\u00e9 de cannabis puissante et savoureuse. Profitez d\u2019une livraison discr\u00e8te et de produits de qualit\u00e9 sup\u00e9rieure.\" \/>\n<meta name=\"robots\" content=\"index, follow, max-snippet:-1, max-image-preview:large, max-video-preview:-1\" \/>\n<link rel=\"canonical\" href=\"https:\/\/beuhparadis.com\/da\/product\/lions-cake\/\" \/>\n<meta property=\"og:locale\" content=\"da_DK\" \/>\n<meta property=\"og:type\" content=\"article\" \/>\n<meta property=\"og:title\" content=\"Lion\u2019s Cake\" \/>\n<meta property=\"og:description\" content=\"Acheter Lion\u2019s Cake Weed, une vari\u00e9t\u00e9 de cannabis puissante et savoureuse. Profitez d\u2019une livraison discr\u00e8te et de produits de qualit\u00e9 sup\u00e9rieure.\" \/>\n<meta property=\"og:url\" content=\"https:\/\/beuhparadis.com\/da\/product\/lions-cake\/\" \/>\n<meta property=\"og:site_name\" content=\"Beuh Paradis\" \/>\n<meta property=\"article:modified_time\" content=\"2025-01-26T16:26:26+00:00\" \/>\n<meta property=\"og:image\" content=\"https:\/\/beuhparadis.com\/wp-content\/uploads\/2024\/12\/Lions-Cake.webp\" \/>\n\t<meta property=\"og:image:width\" content=\"500\" \/>\n\t<meta property=\"og:image:height\" content=\"500\" \/>\n\t<meta property=\"og:image:type\" content=\"image\/webp\" \/>\n<meta name=\"twitter:card\" content=\"summary_large_image\" \/>\n<meta name=\"twitter:label1\" content=\"Estimeret l\u00e6setid\" \/>\n\t<meta name=\"twitter:data1\" content=\"2 minutes\" \/>\n<script type=\"application\/ld+json\" class=\"yoast-schema-graph\">{\"@context\":\"https:\/\/schema.org\",\"@graph\":[{\"@type\":\"WebPage\",\"@id\":\"https:\/\/beuhparadis.com\/product\/lions-cake\/\",\"url\":\"https:\/\/beuhparadis.com\/product\/lions-cake\/\",\"name\":\"Acheter Lion\u2019s Cake Weed | Cannabis de Qualit\u00e9 Sup\u00e9rieure\",\"isPartOf\":{\"@id\":\"https:\/\/beuhparadis.com\/#website\"},\"primaryImageOfPage\":{\"@id\":\"https:\/\/beuhparadis.com\/product\/lions-cake\/#primaryimage\"},\"image\":{\"@id\":\"https:\/\/beuhparadis.com\/product\/lions-cake\/#primaryimage\"},\"thumbnailUrl\":\"https:\/\/beuhparadis.com\/wp-content\/uploads\/2024\/12\/Lions-Cake.webp\",\"datePublished\":\"2024-12-10T23:38:48+00:00\",\"dateModified\":\"2025-01-26T16:26:26+00:00\",\"description\":\"Acheter Lion\u2019s Cake Weed, une vari\u00e9t\u00e9 de cannabis puissante et savoureuse. Profitez d\u2019une livraison discr\u00e8te et de produits de qualit\u00e9 sup\u00e9rieure.\",\"breadcrumb\":{\"@id\":\"https:\/\/beuhparadis.com\/product\/lions-cake\/#breadcrumb\"},\"inLanguage\":\"da-DK\",\"potentialAction\":[{\"@type\":\"ReadAction\",\"target\":[\"https:\/\/beuhparadis.com\/product\/lions-cake\/\"]}]},{\"@type\":\"ImageObject\",\"inLanguage\":\"da-DK\",\"@id\":\"https:\/\/beuhparadis.com\/product\/lions-cake\/#primaryimage\",\"url\":\"https:\/\/beuhparadis.com\/wp-content\/uploads\/2024\/12\/Lions-Cake.webp\",\"contentUrl\":\"https:\/\/beuhparadis.com\/wp-content\/uploads\/2024\/12\/Lions-Cake.webp\",\"width\":500,\"height\":500},{\"@type\":\"BreadcrumbList\",\"@id\":\"https:\/\/beuhparadis.com\/product\/lions-cake\/#breadcrumb\",\"itemListElement\":[{\"@type\":\"ListItem\",\"position\":1,\"name\":\"Home\",\"item\":\"https:\/\/beuhparadis.com\/\"},{\"@type\":\"ListItem\",\"position\":2,\"name\":\"Shop\",\"item\":\"https:\/\/beuhparadis.com\/shop\/\"},{\"@type\":\"ListItem\",\"position\":3,\"name\":\"Lion\u2019s Cake\"}]},{\"@type\":\"WebSite\",\"@id\":\"https:\/\/beuhparadis.com\/#website\",\"url\":\"https:\/\/beuhparadis.com\/\",\"name\":\"Beuh Paradis\",\"description\":\"\",\"potentialAction\":[{\"@type\":\"SearchAction\",\"target\":{\"@type\":\"EntryPoint\",\"urlTemplate\":\"https:\/\/beuhparadis.com\/?s={search_term_string}\"},\"query-input\":{\"@type\":\"PropertyValueSpecification\",\"valueRequired\":true,\"valueName\":\"search_term_string\"}}],\"inLanguage\":\"da-DK\"}]}<\/script>\n<!-- \/ Yoast SEO Premium plugin. -->","yoast_head_json":{"title":"K\u00f8b Lion's Cake Weed - Cannabis af h\u00f8j kvalitet","description":"K\u00f8b Lion's Cake Weed, en kraftfuld og velsmagende cannabissort. Nyd diskret levering og produkter af h\u00f8j kvalitet.","robots":{"index":"index","follow":"follow","max-snippet":"max-snippet:-1","max-image-preview":"max-image-preview:large","max-video-preview":"max-video-preview:-1"},"canonical":"https:\/\/beuhparadis.com\/da\/product\/lions-cake\/","og_locale":"da_DK","og_type":"article","og_title":"Lion\u2019s Cake","og_description":"Acheter Lion\u2019s Cake Weed, une vari\u00e9t\u00e9 de cannabis puissante et savoureuse. Profitez d\u2019une livraison discr\u00e8te et de produits de qualit\u00e9 sup\u00e9rieure.","og_url":"https:\/\/beuhparadis.com\/da\/product\/lions-cake\/","og_site_name":"Beuh Paradis","article_modified_time":"2025-01-26T16:26:26+00:00","og_image":[{"width":500,"height":500,"url":"https:\/\/beuhparadis.com\/wp-content\/uploads\/2024\/12\/Lions-Cake.webp","type":"image\/webp"}],"twitter_card":"summary_large_image","twitter_misc":{"Estimeret l\u00e6setid":"2 minutes"},"schema":{"@context":"https:\/\/schema.org","@graph":[{"@type":"WebPage","@id":"https:\/\/beuhparadis.com\/product\/lions-cake\/","url":"https:\/\/beuhparadis.com\/product\/lions-cake\/","name":"K\u00f8b Lion's Cake Weed - Cannabis af h\u00f8j kvalitet","isPartOf":{"@id":"https:\/\/beuhparadis.com\/#website"},"primaryImageOfPage":{"@id":"https:\/\/beuhparadis.com\/product\/lions-cake\/#primaryimage"},"image":{"@id":"https:\/\/beuhparadis.com\/product\/lions-cake\/#primaryimage"},"thumbnailUrl":"https:\/\/beuhparadis.com\/wp-content\/uploads\/2024\/12\/Lions-Cake.webp","datePublished":"2024-12-10T23:38:48+00:00","dateModified":"2025-01-26T16:26:26+00:00","description":"K\u00f8b Lion's Cake Weed, en kraftfuld og velsmagende cannabissort. Nyd diskret levering og produkter af h\u00f8j kvalitet.","breadcrumb":{"@id":"https:\/\/beuhparadis.com\/product\/lions-cake\/#breadcrumb"},"inLanguage":"da-DK","potentialAction":[{"@type":"ReadAction","target":["https:\/\/beuhparadis.com\/product\/lions-cake\/"]}]},{"@type":"ImageObject","inLanguage":"da-DK","@id":"https:\/\/beuhparadis.com\/product\/lions-cake\/#primaryimage","url":"https:\/\/beuhparadis.com\/wp-content\/uploads\/2024\/12\/Lions-Cake.webp","contentUrl":"https:\/\/beuhparadis.com\/wp-content\/uploads\/2024\/12\/Lions-Cake.webp","width":500,"height":500},{"@type":"BreadcrumbList","@id":"https:\/\/beuhparadis.com\/product\/lions-cake\/#breadcrumb","itemListElement":[{"@type":"ListItem","position":1,"name":"Home","item":"https:\/\/beuhparadis.com\/"},{"@type":"ListItem","position":2,"name":"Shop","item":"https:\/\/beuhparadis.com\/shop\/"},{"@type":"ListItem","position":3,"name":"Lion\u2019s Cake"}]},{"@type":"WebSite","@id":"https:\/\/beuhparadis.com\/#website","url":"https:\/\/beuhparadis.com\/","name":"Beuh Paradis","description":"","potentialAction":[{"@type":"SearchAction","target":{"@type":"EntryPoint","urlTemplate":"https:\/\/beuhparadis.com\/?s={search_term_string}"},"query-input":{"@type":"PropertyValueSpecification","valueRequired":true,"valueName":"search_term_string"}}],"inLanguage":"da-DK"}]}},"_links":{"self":[{"href":"https:\/\/beuhparadis.com\/da\/wp-json\/wp\/v2\/product\/1194","targetHints":{"allow":["GET"]}}],"collection":[{"href":"https:\/\/beuhparadis.com\/da\/wp-json\/wp\/v2\/product"}],"about":[{"href":"https:\/\/beuhparadis.com\/da\/wp-json\/wp\/v2\/types\/product"}],"replies":[{"embeddable":true,"href":"https:\/\/beuhparadis.com\/da\/wp-json\/wp\/v2\/comments?post=1194"}],"wp:featuredmedia":[{"embeddable":true,"href":"https:\/\/beuhparadis.com\/da\/wp-json\/wp\/v2\/media\/1212"}],"wp:attachment":[{"href":"https:\/\/beuhparadis.com\/da\/wp-json\/wp\/v2\/media?parent=1194"}],"wp:term":[{"taxonomy":"product_brand","embeddable":true,"href":"https:\/\/beuhparadis.com\/da\/wp-json\/wp\/v2\/product_brand?post=1194"},{"taxonomy":"product_cat","embeddable":true,"href":"https:\/\/beuhparadis.com\/da\/wp-json\/wp\/v2\/product_cat?post=1194"},{"taxonomy":"product_tag","embeddable":true,"href":"https:\/\/beuhparadis.com\/da\/wp-json\/wp\/v2\/product_tag?post=1194"}],"curies":[{"name":"wp","href":"https:\/\/api.w.org\/{rel}","templated":true}]}}