{"id":1179,"date":"2024-12-10T23:38:47","date_gmt":"2024-12-10T23:38:47","guid":{"rendered":"https:\/\/beuhparadis.com\/?post_type=product&#038;p=1179"},"modified":"2025-01-26T16:12:34","modified_gmt":"2025-01-26T16:12:34","slug":"acheter-cheetah-piss-weed","status":"publish","type":"product","link":"https:\/\/beuhparadis.com\/da\/product\/acheter-cheetah-piss-weed\/","title":{"rendered":"Cheetah Piss Weed"},"content":{"rendered":"<h1 class=\"wp-block-heading\">K\u00f8b Cheetah Piss Weed: En unik sort med energigivende effekter<\/h1>\n<p>Oplev Cheetah Piss Weed, en enest\u00e5ende skabelse, der er resultatet af en krydsning mellem tre kvalitetsstammer fra Growing Passion og Cookies Fam: Lemonnade, Gelato 42 og London Poundcake 97. Selv om navnet er en hyldest til den ber\u00f8mte Cat Piss-stamme fra tidligere tider, er virkningerne af Cheetah Piss markant anderledes og giver forbrugerne en unik oplevelse.<\/p>\n<h2 class=\"wp-block-heading\">Information om Cheetah Piss-sorten<\/h2>\n<ul class=\"wp-block-list\">\n<li><strong>Type :<\/strong> Hybrid<\/li>\n<li><strong>Genetik :<\/strong> En blanding af Lemonnade, Gelato 42 og London Poundcake 97<\/li>\n<li><strong>Producent :<\/strong> Voksende lidenskab og sm\u00e5kager Fam<\/li>\n<\/ul>\n<h2 class=\"wp-block-heading\">THC og CBD<\/h2>\n<ul class=\"wp-block-list\">\n<li><strong>THC :<\/strong> H\u00f8j procentdel, der understreger kraften i denne stamme<\/li>\n<li><strong>CBD :<\/strong> Lav, med fokus p\u00e5 de psykoaktive effekter af THC<\/li>\n<\/ul>\n<h2 class=\"wp-block-heading\">Hvor kan jeg k\u00f8be Cheetah Piss Weed online?<\/h2>\n<p>Cheetah Piss Weed kan k\u00f8bes online fra specialiserede websteder, herunder Acheterducannabis, som tilbyder denne unikke stamme til forbrugere, der er p\u00e5 udkig efter stimulerende effekter og en tydelig terpenprofil.<\/p>\n<h2 class=\"wp-block-heading\">Effekter, aroma og smag af Cheetah Piss<\/h2>\n<h3 class=\"wp-block-heading\">Effekt<\/h3>\n<ul class=\"wp-block-list\">\n<li><strong>F\u00f8lelser:<\/strong> Sp\u00e6nding, eufori, energi<\/li>\n<li><strong>Negativer :<\/strong> Angst, paranoia, svimmelhed<\/li>\n<\/ul>\n<h3 class=\"wp-block-heading\">Aroma<\/h3>\n<p>Cheetah Piss har en funk-aroma, der minder om Cat Piss, med m\u00e6rkelige og us\u00e6dvanlige kvaliteter.<\/p>\n<h3 class=\"wp-block-heading\">Smag<\/h3>\n<p>Smagen af denne sort kombinerer noter af ammoniak, kraft og skunk og giver en fed smagsoplevelse.<\/p>\n<h2 class=\"wp-block-heading\">Medicinske virkninger af gepardpis<\/h2>\n<p>Medicinske patienter v\u00e6lger Cheetah Piss for at lindre :<\/p>\n<ul class=\"wp-block-list\">\n<li>Angst (20% af brugerne)<\/li>\n<li>Depression (17% af brugerne)<\/li>\n<li>Stress (16% af brugere)<\/li>\n<\/ul>\n<h2 class=\"wp-block-heading\">Hvorfor k\u00f8be Cheetah Piss Weed fra beuhparadis?<\/h2>\n<p><a href=\"https:\/\/beuhparadis.com\/da\" data-type=\"link\" data-id=\"https:\/\/acheterducannabis.fr\/\">Beuhparadis<\/a> er kendt for sit strenge udvalg af cannabisstammer i topkvalitet, herunder Cheetah Piss Weed. Ved at v\u00e6lge Acheterducannabis er du garanteret adgang til en stamme med udtalt energigivende effekter og en unik terpenprofil.<\/p>\n<h2 class=\"wp-block-heading\">Lovgivning om salg af gepardpis i Europa<\/h2>\n<p>Salget af Cheetah Piss er, ligesom alle andre cannabissorter, reguleret af europ\u00e6iske love, der begr\u00e6nser THC-indholdet. Takket v\u00e6re overholdelsen af de juridiske standarder er Cheetah Piss fortsat tilg\u00e6ngelig for dem, der s\u00f8ger dens s\u00e6rlige terapeutiske og rekreative virkninger i Europa.<\/p>\n<p>Cheetah Piss er en god mulighed for cannabiselskere, der er p\u00e5 udkig efter en stimulerende oplevelse og \u00f8jeblikkelig eufori. Med sin unikke genetik og hyldest til Cat Piss-stammen, <a href=\"https:\/\/wehikei.com\/blog\/cheetah-piss-strain-guide\" data-type=\"link\" data-id=\"https:\/\/wehikei.com\/blog\/cheetah-piss-strain-guide\">Cheetah Piss Weed<\/a> har etableret sig som et must-have for erfarne forbrugere. Udforsk denne exceptionelle stamme og mange andre p\u00e5 Acheterducannabis, din p\u00e5lidelige kilde til kvalitetscannabis i Europa.<\/p>","protected":false},"excerpt":{"rendered":"<p class=\"percentage\"><strong>THC :<\/strong>\u00a020\u00a0%<\/p>\n<p class=\"percentage\"><strong>Effekter<\/strong> Opstemt, kreativ, eufori, koncentreret, glad, afslappet, omg\u00e6ngelig <strong>Kan lindre<\/strong> Kroniske smerter, depression, tr\u00e6thed, stress<\/p>","protected":false},"featured_media":1209,"comment_status":"closed","ping_status":"closed","template":"","meta":{"site-sidebar-layout":"default","site-content-layout":"","ast-site-content-layout":"default","site-content-style":"default","site-sidebar-style":"default","ast-global-header-display":"","ast-banner-title-visibility":"","ast-main-header-display":"","ast-hfb-above-header-display":"","ast-hfb-below-header-display":"","ast-hfb-mobile-header-display":"","site-post-title":"","ast-breadcrumbs-content":"","ast-featured-img":"","footer-sml-layout":"","theme-transparent-header-meta":"default","adv-header-id-meta":"","stick-header-meta":"","header-above-stick-meta":"","header-main-stick-meta":"","header-below-stick-meta":"","astra-migrate-meta-layouts":"set","ast-page-background-enabled":"default","ast-page-background-meta":{"desktop":{"background-color":"","background-image":"","background-repeat":"repeat","background-position":"center center","background-size":"auto","background-attachment":"scroll","background-type":"","background-media":"","overlay-type":"","overlay-color":"","overlay-opacity":"","overlay-gradient":""},"tablet":{"background-color":"","background-image":"","background-repeat":"repeat","background-position":"center center","background-size":"auto","background-attachment":"scroll","background-type":"","background-media":"","overlay-type":"","overlay-color":"","overlay-opacity":"","overlay-gradient":""},"mobile":{"background-color":"","background-image":"","background-repeat":"repeat","background-position":"center center","background-size":"auto","background-attachment":"scroll","background-type":"","background-media":"","overlay-type":"","overlay-color":"","overlay-opacity":"","overlay-gradient":""}},"ast-content-background-meta":{"desktop":{"background-color":"var(--ast-global-color-5)","background-image":"","background-repeat":"repeat","background-position":"center center","background-size":"auto","background-attachment":"scroll","background-type":"","background-media":"","overlay-type":"","overlay-color":"","overlay-opacity":"","overlay-gradient":""},"tablet":{"background-color":"var(--ast-global-color-5)","background-image":"","background-repeat":"repeat","background-position":"center center","background-size":"auto","background-attachment":"scroll","background-type":"","background-media":"","overlay-type":"","overlay-color":"","overlay-opacity":"","overlay-gradient":""},"mobile":{"background-color":"var(--ast-global-color-5)","background-image":"","background-repeat":"repeat","background-position":"center center","background-size":"auto","background-attachment":"scroll","background-type":"","background-media":"","overlay-type":"","overlay-color":"","overlay-opacity":"","overlay-gradient":""}},"_joinchat":[]},"product_brand":[],"product_cat":[32,33],"product_tag":[],"class_list":{"0":"post-1179","1":"product","2":"type-product","3":"status-publish","4":"has-post-thumbnail","6":"product_cat-fleur-de-chanvre","7":"product_cat-thc-beuh","8":"desktop-align-left","9":"tablet-align-left","10":"mobile-align-left","12":"first","13":"instock","14":"shipping-taxable","15":"purchasable","16":"product-type-variable"},"yoast_head":"<!-- This site is optimized with the Yoast SEO Premium plugin v24.1 (Yoast SEO v26.8) - https:\/\/yoast.com\/product\/yoast-seo-premium-wordpress\/ -->\n<title>Acheter Cheetah Piss Weed \u2013 Cannabis aux Saveurs Exotiques<\/title>\n<meta name=\"description\" content=\"Acheter Cheetah Piss Weed, une vari\u00e9t\u00e9 de cannabis unique avec un ar\u00f4me exotique et des effets puissants. Livraison rapide et discr\u00e8te\" \/>\n<meta name=\"robots\" content=\"index, follow, max-snippet:-1, max-image-preview:large, max-video-preview:-1\" \/>\n<link rel=\"canonical\" href=\"https:\/\/beuhparadis.com\/da\/product\/acheter-cheetah-piss-weed\/\" \/>\n<meta property=\"og:locale\" content=\"da_DK\" \/>\n<meta property=\"og:type\" content=\"article\" \/>\n<meta property=\"og:title\" content=\"Cheetah Piss Weed\" \/>\n<meta property=\"og:description\" content=\"Acheter Cheetah Piss Weed, une vari\u00e9t\u00e9 de cannabis unique avec un ar\u00f4me exotique et des effets puissants. Livraison rapide et discr\u00e8te\" \/>\n<meta property=\"og:url\" content=\"https:\/\/beuhparadis.com\/da\/product\/acheter-cheetah-piss-weed\/\" \/>\n<meta property=\"og:site_name\" content=\"Beuh Paradis\" \/>\n<meta property=\"article:modified_time\" content=\"2025-01-26T16:12:34+00:00\" \/>\n<meta property=\"og:image\" content=\"https:\/\/beuhparadis.com\/wp-content\/uploads\/2024\/12\/Cheetah-Piss-Weed.webp\" \/>\n\t<meta property=\"og:image:width\" content=\"800\" \/>\n\t<meta property=\"og:image:height\" content=\"800\" \/>\n\t<meta property=\"og:image:type\" content=\"image\/webp\" \/>\n<meta name=\"twitter:card\" content=\"summary_large_image\" \/>\n<meta name=\"twitter:label1\" content=\"Estimeret l\u00e6setid\" \/>\n\t<meta name=\"twitter:data1\" content=\"2 minutes\" \/>\n<script type=\"application\/ld+json\" class=\"yoast-schema-graph\">{\"@context\":\"https:\/\/schema.org\",\"@graph\":[{\"@type\":\"WebPage\",\"@id\":\"https:\/\/beuhparadis.com\/product\/acheter-cheetah-piss-weed\/\",\"url\":\"https:\/\/beuhparadis.com\/product\/acheter-cheetah-piss-weed\/\",\"name\":\"Acheter Cheetah Piss Weed \u2013 Cannabis aux Saveurs Exotiques\",\"isPartOf\":{\"@id\":\"https:\/\/beuhparadis.com\/#website\"},\"primaryImageOfPage\":{\"@id\":\"https:\/\/beuhparadis.com\/product\/acheter-cheetah-piss-weed\/#primaryimage\"},\"image\":{\"@id\":\"https:\/\/beuhparadis.com\/product\/acheter-cheetah-piss-weed\/#primaryimage\"},\"thumbnailUrl\":\"https:\/\/beuhparadis.com\/wp-content\/uploads\/2024\/12\/Cheetah-Piss-Weed.webp\",\"datePublished\":\"2024-12-10T23:38:47+00:00\",\"dateModified\":\"2025-01-26T16:12:34+00:00\",\"description\":\"Acheter Cheetah Piss Weed, une vari\u00e9t\u00e9 de cannabis unique avec un ar\u00f4me exotique et des effets puissants. Livraison rapide et discr\u00e8te\",\"breadcrumb\":{\"@id\":\"https:\/\/beuhparadis.com\/product\/acheter-cheetah-piss-weed\/#breadcrumb\"},\"inLanguage\":\"da-DK\",\"potentialAction\":[{\"@type\":\"ReadAction\",\"target\":[\"https:\/\/beuhparadis.com\/product\/acheter-cheetah-piss-weed\/\"]}]},{\"@type\":\"ImageObject\",\"inLanguage\":\"da-DK\",\"@id\":\"https:\/\/beuhparadis.com\/product\/acheter-cheetah-piss-weed\/#primaryimage\",\"url\":\"https:\/\/beuhparadis.com\/wp-content\/uploads\/2024\/12\/Cheetah-Piss-Weed.webp\",\"contentUrl\":\"https:\/\/beuhparadis.com\/wp-content\/uploads\/2024\/12\/Cheetah-Piss-Weed.webp\",\"width\":800,\"height\":800},{\"@type\":\"BreadcrumbList\",\"@id\":\"https:\/\/beuhparadis.com\/product\/acheter-cheetah-piss-weed\/#breadcrumb\",\"itemListElement\":[{\"@type\":\"ListItem\",\"position\":1,\"name\":\"Home\",\"item\":\"https:\/\/beuhparadis.com\/\"},{\"@type\":\"ListItem\",\"position\":2,\"name\":\"Shop\",\"item\":\"https:\/\/beuhparadis.com\/shop\/\"},{\"@type\":\"ListItem\",\"position\":3,\"name\":\"Cheetah Piss Weed\"}]},{\"@type\":\"WebSite\",\"@id\":\"https:\/\/beuhparadis.com\/#website\",\"url\":\"https:\/\/beuhparadis.com\/\",\"name\":\"Beuh Paradis\",\"description\":\"\",\"potentialAction\":[{\"@type\":\"SearchAction\",\"target\":{\"@type\":\"EntryPoint\",\"urlTemplate\":\"https:\/\/beuhparadis.com\/?s={search_term_string}\"},\"query-input\":{\"@type\":\"PropertyValueSpecification\",\"valueRequired\":true,\"valueName\":\"search_term_string\"}}],\"inLanguage\":\"da-DK\"}]}<\/script>\n<!-- \/ Yoast SEO Premium plugin. -->","yoast_head_json":{"title":"K\u00f8b Cheetah Piss Weed - Cannabis med eksotisk smag","description":"K\u00f8b Cheetah Piss Weed, en unik cannabissort med en eksotisk aroma og kraftige effekter. Hurtig, diskret levering","robots":{"index":"index","follow":"follow","max-snippet":"max-snippet:-1","max-image-preview":"max-image-preview:large","max-video-preview":"max-video-preview:-1"},"canonical":"https:\/\/beuhparadis.com\/da\/product\/acheter-cheetah-piss-weed\/","og_locale":"da_DK","og_type":"article","og_title":"Cheetah Piss Weed","og_description":"Acheter Cheetah Piss Weed, une vari\u00e9t\u00e9 de cannabis unique avec un ar\u00f4me exotique et des effets puissants. Livraison rapide et discr\u00e8te","og_url":"https:\/\/beuhparadis.com\/da\/product\/acheter-cheetah-piss-weed\/","og_site_name":"Beuh Paradis","article_modified_time":"2025-01-26T16:12:34+00:00","og_image":[{"width":800,"height":800,"url":"https:\/\/beuhparadis.com\/wp-content\/uploads\/2024\/12\/Cheetah-Piss-Weed.webp","type":"image\/webp"}],"twitter_card":"summary_large_image","twitter_misc":{"Estimeret l\u00e6setid":"2 minutes"},"schema":{"@context":"https:\/\/schema.org","@graph":[{"@type":"WebPage","@id":"https:\/\/beuhparadis.com\/product\/acheter-cheetah-piss-weed\/","url":"https:\/\/beuhparadis.com\/product\/acheter-cheetah-piss-weed\/","name":"K\u00f8b Cheetah Piss Weed - Cannabis med eksotisk smag","isPartOf":{"@id":"https:\/\/beuhparadis.com\/#website"},"primaryImageOfPage":{"@id":"https:\/\/beuhparadis.com\/product\/acheter-cheetah-piss-weed\/#primaryimage"},"image":{"@id":"https:\/\/beuhparadis.com\/product\/acheter-cheetah-piss-weed\/#primaryimage"},"thumbnailUrl":"https:\/\/beuhparadis.com\/wp-content\/uploads\/2024\/12\/Cheetah-Piss-Weed.webp","datePublished":"2024-12-10T23:38:47+00:00","dateModified":"2025-01-26T16:12:34+00:00","description":"K\u00f8b Cheetah Piss Weed, en unik cannabissort med en eksotisk aroma og kraftige effekter. Hurtig, diskret levering","breadcrumb":{"@id":"https:\/\/beuhparadis.com\/product\/acheter-cheetah-piss-weed\/#breadcrumb"},"inLanguage":"da-DK","potentialAction":[{"@type":"ReadAction","target":["https:\/\/beuhparadis.com\/product\/acheter-cheetah-piss-weed\/"]}]},{"@type":"ImageObject","inLanguage":"da-DK","@id":"https:\/\/beuhparadis.com\/product\/acheter-cheetah-piss-weed\/#primaryimage","url":"https:\/\/beuhparadis.com\/wp-content\/uploads\/2024\/12\/Cheetah-Piss-Weed.webp","contentUrl":"https:\/\/beuhparadis.com\/wp-content\/uploads\/2024\/12\/Cheetah-Piss-Weed.webp","width":800,"height":800},{"@type":"BreadcrumbList","@id":"https:\/\/beuhparadis.com\/product\/acheter-cheetah-piss-weed\/#breadcrumb","itemListElement":[{"@type":"ListItem","position":1,"name":"Home","item":"https:\/\/beuhparadis.com\/"},{"@type":"ListItem","position":2,"name":"Shop","item":"https:\/\/beuhparadis.com\/shop\/"},{"@type":"ListItem","position":3,"name":"Cheetah Piss Weed"}]},{"@type":"WebSite","@id":"https:\/\/beuhparadis.com\/#website","url":"https:\/\/beuhparadis.com\/","name":"Beuh Paradis","description":"","potentialAction":[{"@type":"SearchAction","target":{"@type":"EntryPoint","urlTemplate":"https:\/\/beuhparadis.com\/?s={search_term_string}"},"query-input":{"@type":"PropertyValueSpecification","valueRequired":true,"valueName":"search_term_string"}}],"inLanguage":"da-DK"}]}},"_links":{"self":[{"href":"https:\/\/beuhparadis.com\/da\/wp-json\/wp\/v2\/product\/1179","targetHints":{"allow":["GET"]}}],"collection":[{"href":"https:\/\/beuhparadis.com\/da\/wp-json\/wp\/v2\/product"}],"about":[{"href":"https:\/\/beuhparadis.com\/da\/wp-json\/wp\/v2\/types\/product"}],"replies":[{"embeddable":true,"href":"https:\/\/beuhparadis.com\/da\/wp-json\/wp\/v2\/comments?post=1179"}],"wp:featuredmedia":[{"embeddable":true,"href":"https:\/\/beuhparadis.com\/da\/wp-json\/wp\/v2\/media\/1209"}],"wp:attachment":[{"href":"https:\/\/beuhparadis.com\/da\/wp-json\/wp\/v2\/media?parent=1179"}],"wp:term":[{"taxonomy":"product_brand","embeddable":true,"href":"https:\/\/beuhparadis.com\/da\/wp-json\/wp\/v2\/product_brand?post=1179"},{"taxonomy":"product_cat","embeddable":true,"href":"https:\/\/beuhparadis.com\/da\/wp-json\/wp\/v2\/product_cat?post=1179"},{"taxonomy":"product_tag","embeddable":true,"href":"https:\/\/beuhparadis.com\/da\/wp-json\/wp\/v2\/product_tag?post=1179"}],"curies":[{"name":"wp","href":"https:\/\/api.w.org\/{rel}","templated":true}]}}