{"id":1163,"date":"2024-12-10T23:38:32","date_gmt":"2024-12-10T23:38:32","guid":{"rendered":"https:\/\/beuhparadis.com\/?post_type=product&#038;p=1163"},"modified":"2025-01-25T23:27:23","modified_gmt":"2025-01-25T23:27:23","slug":"clementine","status":"publish","type":"product","link":"https:\/\/beuhparadis.com\/da\/product\/clementine\/","title":{"rendered":"Clementine"},"content":{"rendered":"<h1 class=\"wp-block-heading\">K\u00f8b Clementine Weed: V\u00e6k dine sanser med energigivende Sativa<\/h1>\n<p>Clementine Weed, en dominerende sativa-stamme, er resultatet af en vellykket krydsning mellem Tangie og Lemon Skunk. Clementine er ber\u00f8mt for sin s\u00f8de smag og citrusaroma og har etableret sig som et f\u00f8rstevalg for dem, der s\u00f8ger en energigivende og opkvikkende oplevelse.<\/p>\n<h2 class=\"wp-block-heading\">Information om klementin-ukrudt<\/h2>\n<ul class=\"wp-block-list\">\n<li><strong>Type:<\/strong> Overvejende sativa<\/li>\n<li><strong>Genetik:<\/strong> Krydsning mellem Tangie og Lemon Skunk<\/li>\n<li><strong>Aromatisk profil:<\/strong> Citrus, med dominerende noter af appelsin og citron<\/li>\n<li><strong>Udm\u00e6rkelser:<\/strong> Bedste sativa-koncentrat i 2015<\/li>\n<\/ul>\n<h2 class=\"wp-block-heading\">THC og CBD<\/h2>\n<ul class=\"wp-block-list\">\n<li><strong>THC:<\/strong> H\u00f8j hastighed, der bidrager til den energigivende effekt<\/li>\n<li><strong>CBD:<\/strong> Svag, hvilket fremh\u00e6ver sativa-egenskaberne ved sorten<\/li>\n<\/ul>\n<h2 class=\"wp-block-heading\">Hvor kan jeg k\u00f8be Clementine Weed online?<\/h2>\n<p>Clementine Weed kan k\u00f8bes online p\u00e5 Acheterducannabis, hvor forbrugerne kan finde produkter af h\u00f8j kvalitet, der er testet og godkendt for deres renhed og effektivitet.<\/p>\n<h2 class=\"wp-block-heading\">Virkninger, aromaer og smag af Clementine Weed<\/h2>\n<h3 class=\"wp-block-heading\">Effekt<\/h3>\n<ul class=\"wp-block-list\">\n<li><strong>F\u00f8lelser:<\/strong> Energi, h\u00f8jde, koncentration<\/li>\n<li><strong>Negativ:<\/strong> Angst, paranoia, hovedpine<\/li>\n<\/ul>\n<h3 class=\"wp-block-heading\">Aroma<\/h3>\n<ul class=\"wp-block-list\">\n<li>Clementine Weed har en frisk citrusaroma med dominerende noter af appelsin og citron, der indbyder til en uforlignelig duftoplevelse.<\/li>\n<\/ul>\n<h3 class=\"wp-block-heading\">Smag<\/h3>\n<ul class=\"wp-block-list\">\n<li>Smagen af klementin er tro mod aromaen og byder p\u00e5 smag af appelsin, citron og andre citrusfrugter, som giver en forfriskende og behagelig smagsoplevelse.<\/li>\n<\/ul>\n<h2 class=\"wp-block-heading\">Medicinske virkninger af Clementine Weed<\/h2>\n<p>Clementine Weed er kendt for sine mange medicinske fordele, herunder :<\/p>\n<ul class=\"wp-block-list\">\n<li>Lindring af stress<\/li>\n<li>Reduceret angst<\/li>\n<li>Reducerede symptomer p\u00e5 depression<\/li>\n<\/ul>\n<h3 class=\"wp-block-heading\">Kan lindre<\/h3>\n<ul class=\"wp-block-list\">\n<li>Stress<\/li>\n<li>Angst<\/li>\n<li>Depression<\/li>\n<\/ul>\n<h2 class=\"wp-block-heading\">Hvorfor k\u00f8be Clementine Weed fra beuhparadis?<\/h2>\n<p><a href=\"https:\/\/beuhparadis.com\/da\">Beuhparadis<\/a> tilbyder et n\u00f8je udvalg af Clementine Weed, der garanterer en optimal brugeroplevelse takket v\u00e6re produkter af h\u00f8j kvalitet, der overholder lovkravene.<\/p>\n<h2 class=\"wp-block-heading\">Lovgivning om salg af klementinplanter i Europa<\/h2>\n<p>Salget af cannabis, herunder Clementine Weed, er reguleret af specifikke love i hvert europ\u00e6isk land. Acheterducannabis respekterer n\u00f8je disse love for at give alle vores kunder en sikker og lovlig k\u00f8bsoplevelse.<\/p>\n<p>Clementine Weed er en invitation til at give din dag energi, takket v\u00e6re dens energigivende effekt og uds\u00f8gte aromatiske profil. Uanset om du \u00f8nsker at stimulere din kreativitet, fokusere eller blot nyde et \u00f8jebliks afslapning, er Clementine den ideelle sort. Oplev denne prisbel\u00f8nnede sort hos Acheterducannabis, og lad dig forf\u00f8re af dens verden af citrus og velv\u00e6re.<\/p>","protected":false},"excerpt":{"rendered":"<p><strong>THC :<\/strong> 17 % - 19 % <strong>Effekter<\/strong> Eufori, koncentration, glad, afslappende, opbyggelig <strong>Kan lindre<\/strong> Bipolar lidelse, kronisk smerte, depression, tr\u00e6thed, hovedpine, inflammation, migr\u00e6ne, kvalme, PTSD<\/p>","protected":false},"featured_media":1177,"comment_status":"closed","ping_status":"closed","template":"","meta":{"site-sidebar-layout":"default","site-content-layout":"","ast-site-content-layout":"default","site-content-style":"default","site-sidebar-style":"default","ast-global-header-display":"","ast-banner-title-visibility":"","ast-main-header-display":"","ast-hfb-above-header-display":"","ast-hfb-below-header-display":"","ast-hfb-mobile-header-display":"","site-post-title":"","ast-breadcrumbs-content":"","ast-featured-img":"","footer-sml-layout":"","theme-transparent-header-meta":"default","adv-header-id-meta":"","stick-header-meta":"","header-above-stick-meta":"","header-main-stick-meta":"","header-below-stick-meta":"","astra-migrate-meta-layouts":"set","ast-page-background-enabled":"default","ast-page-background-meta":{"desktop":{"background-color":"","background-image":"","background-repeat":"repeat","background-position":"center center","background-size":"auto","background-attachment":"scroll","background-type":"","background-media":"","overlay-type":"","overlay-color":"","overlay-opacity":"","overlay-gradient":""},"tablet":{"background-color":"","background-image":"","background-repeat":"repeat","background-position":"center center","background-size":"auto","background-attachment":"scroll","background-type":"","background-media":"","overlay-type":"","overlay-color":"","overlay-opacity":"","overlay-gradient":""},"mobile":{"background-color":"","background-image":"","background-repeat":"repeat","background-position":"center center","background-size":"auto","background-attachment":"scroll","background-type":"","background-media":"","overlay-type":"","overlay-color":"","overlay-opacity":"","overlay-gradient":""}},"ast-content-background-meta":{"desktop":{"background-color":"var(--ast-global-color-5)","background-image":"","background-repeat":"repeat","background-position":"center center","background-size":"auto","background-attachment":"scroll","background-type":"","background-media":"","overlay-type":"","overlay-color":"","overlay-opacity":"","overlay-gradient":""},"tablet":{"background-color":"var(--ast-global-color-5)","background-image":"","background-repeat":"repeat","background-position":"center center","background-size":"auto","background-attachment":"scroll","background-type":"","background-media":"","overlay-type":"","overlay-color":"","overlay-opacity":"","overlay-gradient":""},"mobile":{"background-color":"var(--ast-global-color-5)","background-image":"","background-repeat":"repeat","background-position":"center center","background-size":"auto","background-attachment":"scroll","background-type":"","background-media":"","overlay-type":"","overlay-color":"","overlay-opacity":"","overlay-gradient":""}},"_joinchat":[]},"product_brand":[],"product_cat":[32,33],"product_tag":[],"class_list":{"0":"post-1163","1":"product","2":"type-product","3":"status-publish","4":"has-post-thumbnail","6":"product_cat-fleur-de-chanvre","7":"product_cat-thc-beuh","8":"desktop-align-left","9":"tablet-align-left","10":"mobile-align-left","12":"first","13":"instock","14":"shipping-taxable","15":"purchasable","16":"product-type-variable"},"yoast_head":"<!-- This site is optimized with the Yoast SEO Premium plugin v24.1 (Yoast SEO v26.8) - https:\/\/yoast.com\/product\/yoast-seo-premium-wordpress\/ -->\n<title>Acheter Clementine Weed \u2013 Cannabis Premium \u00e0 la Saveur Fruit\u00e9e<\/title>\n<meta name=\"description\" content=\"Acheter Clementine Weed, une vari\u00e9t\u00e9 de cannabis aromatique avec des notes fruit\u00e9es et un effet \u00e9nergisant. Livraison rapide et discr\u00e8te\" \/>\n<meta name=\"robots\" content=\"index, follow, max-snippet:-1, max-image-preview:large, max-video-preview:-1\" \/>\n<link rel=\"canonical\" href=\"https:\/\/beuhparadis.com\/da\/product\/clementine\/\" \/>\n<meta property=\"og:locale\" content=\"da_DK\" \/>\n<meta property=\"og:type\" content=\"article\" \/>\n<meta property=\"og:title\" content=\"Clementine\" \/>\n<meta property=\"og:description\" content=\"Acheter Clementine Weed, une vari\u00e9t\u00e9 de cannabis aromatique avec des notes fruit\u00e9es et un effet \u00e9nergisant. Livraison rapide et discr\u00e8te\" \/>\n<meta property=\"og:url\" content=\"https:\/\/beuhparadis.com\/da\/product\/clementine\/\" \/>\n<meta property=\"og:site_name\" content=\"Beuh Paradis\" \/>\n<meta property=\"article:modified_time\" content=\"2025-01-25T23:27:23+00:00\" \/>\n<meta property=\"og:image\" content=\"https:\/\/beuhparadis.com\/wp-content\/uploads\/2024\/12\/Clementine.webp\" \/>\n\t<meta property=\"og:image:width\" content=\"500\" \/>\n\t<meta property=\"og:image:height\" content=\"500\" \/>\n\t<meta property=\"og:image:type\" content=\"image\/webp\" \/>\n<meta name=\"twitter:card\" content=\"summary_large_image\" \/>\n<meta name=\"twitter:label1\" content=\"Estimeret l\u00e6setid\" \/>\n\t<meta name=\"twitter:data1\" content=\"2 minutes\" \/>\n<script type=\"application\/ld+json\" class=\"yoast-schema-graph\">{\"@context\":\"https:\/\/schema.org\",\"@graph\":[{\"@type\":\"WebPage\",\"@id\":\"https:\/\/beuhparadis.com\/product\/clementine\/\",\"url\":\"https:\/\/beuhparadis.com\/product\/clementine\/\",\"name\":\"Acheter Clementine Weed \u2013 Cannabis Premium \u00e0 la Saveur Fruit\u00e9e\",\"isPartOf\":{\"@id\":\"https:\/\/beuhparadis.com\/#website\"},\"primaryImageOfPage\":{\"@id\":\"https:\/\/beuhparadis.com\/product\/clementine\/#primaryimage\"},\"image\":{\"@id\":\"https:\/\/beuhparadis.com\/product\/clementine\/#primaryimage\"},\"thumbnailUrl\":\"https:\/\/beuhparadis.com\/wp-content\/uploads\/2024\/12\/Clementine.webp\",\"datePublished\":\"2024-12-10T23:38:32+00:00\",\"dateModified\":\"2025-01-25T23:27:23+00:00\",\"description\":\"Acheter Clementine Weed, une vari\u00e9t\u00e9 de cannabis aromatique avec des notes fruit\u00e9es et un effet \u00e9nergisant. Livraison rapide et discr\u00e8te\",\"breadcrumb\":{\"@id\":\"https:\/\/beuhparadis.com\/product\/clementine\/#breadcrumb\"},\"inLanguage\":\"da-DK\",\"potentialAction\":[{\"@type\":\"ReadAction\",\"target\":[\"https:\/\/beuhparadis.com\/product\/clementine\/\"]}]},{\"@type\":\"ImageObject\",\"inLanguage\":\"da-DK\",\"@id\":\"https:\/\/beuhparadis.com\/product\/clementine\/#primaryimage\",\"url\":\"https:\/\/beuhparadis.com\/wp-content\/uploads\/2024\/12\/Clementine.webp\",\"contentUrl\":\"https:\/\/beuhparadis.com\/wp-content\/uploads\/2024\/12\/Clementine.webp\",\"width\":500,\"height\":500},{\"@type\":\"BreadcrumbList\",\"@id\":\"https:\/\/beuhparadis.com\/product\/clementine\/#breadcrumb\",\"itemListElement\":[{\"@type\":\"ListItem\",\"position\":1,\"name\":\"Home\",\"item\":\"https:\/\/beuhparadis.com\/\"},{\"@type\":\"ListItem\",\"position\":2,\"name\":\"Shop\",\"item\":\"https:\/\/beuhparadis.com\/shop\/\"},{\"@type\":\"ListItem\",\"position\":3,\"name\":\"Clementine\"}]},{\"@type\":\"WebSite\",\"@id\":\"https:\/\/beuhparadis.com\/#website\",\"url\":\"https:\/\/beuhparadis.com\/\",\"name\":\"Beuh Paradis\",\"description\":\"\",\"potentialAction\":[{\"@type\":\"SearchAction\",\"target\":{\"@type\":\"EntryPoint\",\"urlTemplate\":\"https:\/\/beuhparadis.com\/?s={search_term_string}\"},\"query-input\":{\"@type\":\"PropertyValueSpecification\",\"valueRequired\":true,\"valueName\":\"search_term_string\"}}],\"inLanguage\":\"da-DK\"}]}<\/script>\n<!-- \/ Yoast SEO Premium plugin. -->","yoast_head_json":{"title":"K\u00f8b Clementine Weed - Premium cannabis med en frugtagtig smag","description":"K\u00f8b Clementine Weed, en aromatisk cannabissort med frugtagtige noter og en energigivende effekt. Hurtig og diskret levering","robots":{"index":"index","follow":"follow","max-snippet":"max-snippet:-1","max-image-preview":"max-image-preview:large","max-video-preview":"max-video-preview:-1"},"canonical":"https:\/\/beuhparadis.com\/da\/product\/clementine\/","og_locale":"da_DK","og_type":"article","og_title":"Clementine","og_description":"Acheter Clementine Weed, une vari\u00e9t\u00e9 de cannabis aromatique avec des notes fruit\u00e9es et un effet \u00e9nergisant. Livraison rapide et discr\u00e8te","og_url":"https:\/\/beuhparadis.com\/da\/product\/clementine\/","og_site_name":"Beuh Paradis","article_modified_time":"2025-01-25T23:27:23+00:00","og_image":[{"width":500,"height":500,"url":"https:\/\/beuhparadis.com\/wp-content\/uploads\/2024\/12\/Clementine.webp","type":"image\/webp"}],"twitter_card":"summary_large_image","twitter_misc":{"Estimeret l\u00e6setid":"2 minutes"},"schema":{"@context":"https:\/\/schema.org","@graph":[{"@type":"WebPage","@id":"https:\/\/beuhparadis.com\/product\/clementine\/","url":"https:\/\/beuhparadis.com\/product\/clementine\/","name":"K\u00f8b Clementine Weed - Premium cannabis med en frugtagtig smag","isPartOf":{"@id":"https:\/\/beuhparadis.com\/#website"},"primaryImageOfPage":{"@id":"https:\/\/beuhparadis.com\/product\/clementine\/#primaryimage"},"image":{"@id":"https:\/\/beuhparadis.com\/product\/clementine\/#primaryimage"},"thumbnailUrl":"https:\/\/beuhparadis.com\/wp-content\/uploads\/2024\/12\/Clementine.webp","datePublished":"2024-12-10T23:38:32+00:00","dateModified":"2025-01-25T23:27:23+00:00","description":"K\u00f8b Clementine Weed, en aromatisk cannabissort med frugtagtige noter og en energigivende effekt. Hurtig og diskret levering","breadcrumb":{"@id":"https:\/\/beuhparadis.com\/product\/clementine\/#breadcrumb"},"inLanguage":"da-DK","potentialAction":[{"@type":"ReadAction","target":["https:\/\/beuhparadis.com\/product\/clementine\/"]}]},{"@type":"ImageObject","inLanguage":"da-DK","@id":"https:\/\/beuhparadis.com\/product\/clementine\/#primaryimage","url":"https:\/\/beuhparadis.com\/wp-content\/uploads\/2024\/12\/Clementine.webp","contentUrl":"https:\/\/beuhparadis.com\/wp-content\/uploads\/2024\/12\/Clementine.webp","width":500,"height":500},{"@type":"BreadcrumbList","@id":"https:\/\/beuhparadis.com\/product\/clementine\/#breadcrumb","itemListElement":[{"@type":"ListItem","position":1,"name":"Home","item":"https:\/\/beuhparadis.com\/"},{"@type":"ListItem","position":2,"name":"Shop","item":"https:\/\/beuhparadis.com\/shop\/"},{"@type":"ListItem","position":3,"name":"Clementine"}]},{"@type":"WebSite","@id":"https:\/\/beuhparadis.com\/#website","url":"https:\/\/beuhparadis.com\/","name":"Beuh Paradis","description":"","potentialAction":[{"@type":"SearchAction","target":{"@type":"EntryPoint","urlTemplate":"https:\/\/beuhparadis.com\/?s={search_term_string}"},"query-input":{"@type":"PropertyValueSpecification","valueRequired":true,"valueName":"search_term_string"}}],"inLanguage":"da-DK"}]}},"_links":{"self":[{"href":"https:\/\/beuhparadis.com\/da\/wp-json\/wp\/v2\/product\/1163","targetHints":{"allow":["GET"]}}],"collection":[{"href":"https:\/\/beuhparadis.com\/da\/wp-json\/wp\/v2\/product"}],"about":[{"href":"https:\/\/beuhparadis.com\/da\/wp-json\/wp\/v2\/types\/product"}],"replies":[{"embeddable":true,"href":"https:\/\/beuhparadis.com\/da\/wp-json\/wp\/v2\/comments?post=1163"}],"wp:featuredmedia":[{"embeddable":true,"href":"https:\/\/beuhparadis.com\/da\/wp-json\/wp\/v2\/media\/1177"}],"wp:attachment":[{"href":"https:\/\/beuhparadis.com\/da\/wp-json\/wp\/v2\/media?parent=1163"}],"wp:term":[{"taxonomy":"product_brand","embeddable":true,"href":"https:\/\/beuhparadis.com\/da\/wp-json\/wp\/v2\/product_brand?post=1163"},{"taxonomy":"product_cat","embeddable":true,"href":"https:\/\/beuhparadis.com\/da\/wp-json\/wp\/v2\/product_cat?post=1163"},{"taxonomy":"product_tag","embeddable":true,"href":"https:\/\/beuhparadis.com\/da\/wp-json\/wp\/v2\/product_tag?post=1163"}],"curies":[{"name":"wp","href":"https:\/\/api.w.org\/{rel}","templated":true}]}}