{"id":1158,"date":"2024-12-10T23:38:32","date_gmt":"2024-12-10T23:38:32","guid":{"rendered":"https:\/\/beuhparadis.com\/?post_type=product&#038;p=1158"},"modified":"2025-01-25T23:21:18","modified_gmt":"2025-01-25T23:21:18","slug":"cookie-glue","status":"publish","type":"product","link":"https:\/\/beuhparadis.com\/da\/product\/cookie-glue\/","title":{"rendered":"Lim til sm\u00e5kager"},"content":{"rendered":"<h1 class=\"wp-block-heading\">K\u00f8b Cookie Glue Weed: Den perfekte hybrid til en euforisk rus<\/h1>\n<p>Cookie Glue er en afbalanceret hybrid cannabisstamme skabt ved at krydse Cookies og Glue Bx2. Denne unikke stamme er kendt for sin euforiske effekt og karakteristiske smag, hvilket g\u00f8r den til et popul\u00e6rt valg blandt cannabiskendere.<\/p>\n<h2 class=\"wp-block-heading\">Information om Cookie Glue-stammen<\/h2>\n<ul class=\"wp-block-list\">\n<li><strong>Type:<\/strong> Afbalanceret hybrid<\/li>\n<li><strong>Genetik:<\/strong> Krydsning mellem cookies og lim Bx2<\/li>\n<li><strong>Opdr\u00e6tter:<\/strong> Equillibrium Genetics, baseret i Mendocino, Californien<\/li>\n<li><strong>Effekt:<\/strong> Eufori, afslapning, prikkende fornemmelse<\/li>\n<li><strong>Smag:<\/strong> Frugtagtig, syrlig, krydret med et strejf af skunk<\/li>\n<\/ul>\n<h2 class=\"wp-block-heading\">THC og CBD<\/h2>\n<ul class=\"wp-block-list\">\n<li><strong>THC:<\/strong> S\u00e6rligt h\u00f8j hastighed, der giver en afslappende, prikkende fornemmelse<\/li>\n<li><strong>CBD:<\/strong> Lav, hvilket fremh\u00e6ver de psykoaktive og afslappende virkninger af stammen<\/li>\n<\/ul>\n<h2 class=\"wp-block-heading\">Hvor kan man k\u00f8be Cookie Glue Weed online?<\/h2>\n<p>Cookie Glue kan k\u00f8bes online fra specialiserede platforme som Acheterducannabis, hvor kvalitet og overholdelse af lovgivningen altid er garanteret.<\/p>\n<h2 class=\"wp-block-heading\">Virkninger, aromaer og smag af Cookie Glue<\/h2>\n<h3 class=\"wp-block-heading\">Effekt<\/h3>\n<ul class=\"wp-block-list\">\n<li>Brugere rapporterer om en f\u00f8lelse af afslapning, sult og prikken, ideelt til et hum\u00f8rboost og dyb afslapning.<\/li>\n<\/ul>\n<h3 class=\"wp-block-heading\">Aroma<\/h3>\n<ul class=\"wp-block-list\">\n<li>Cookie Glues aromatiske profil er pr\u00e6get af noter af peber, skunk og jord.<\/li>\n<\/ul>\n<h3 class=\"wp-block-heading\">Smag<\/h3>\n<ul class=\"wp-block-list\">\n<li>Denne sort har en kompleks smag, der kombinerer frugtighed, syrlighed og krydderi med den helt rigtige m\u00e6ngde skunk til at fascinere smagsl\u00f8gene.<\/li>\n<\/ul>\n<h2 class=\"wp-block-heading\">Medicinske virkninger af cookie-lim<\/h2>\n<p>Cookie Glue er valgt af medicinske patienter for sin evne til at :<\/p>\n<ul class=\"wp-block-list\">\n<li>Lindrer \u00f8mhed og smerter i kroppen<\/li>\n<li>Fremkalder en f\u00f8lelse af afslapning og prikken<\/li>\n<\/ul>\n<h3 class=\"wp-block-heading\">Kan lindre<\/h3>\n<ul class=\"wp-block-list\">\n<li>Angst<\/li>\n<li>Depression<\/li>\n<li>S\u00f8vnl\u00f8shed<\/li>\n<\/ul>\n<h2 class=\"wp-block-heading\">Hvorfor k\u00f8be Cookie Glue Weed fra beuhparadis?<\/h2>\n<p>K\u00f8b fra <a href=\"https:\/\/beuhparadis.com\/da\" data-type=\"link\" data-id=\"https:\/\/acheterducannabis.fr\/\">K\u00f8bducannabis<\/a> sikrer en sikker og kompatibel k\u00f8bsoplevelse med produkter af h\u00f8j kvalitet, der er avlet af anerkendte opdr\u00e6ttere som Equillibrium Genetics.<\/p>\n<h2 class=\"wp-block-heading\">Lovgivning om salg af Cookie Glue Strain i Europa<\/h2>\n<p>Salg af cannabis, herunder Cookie Glue-stammen, er underlagt lovgivningen i hvert enkelt europ\u00e6isk land. Acheterducannabis overholder n\u00f8je disse regler for at give alle vores kunder en sikker og lovlig oplevelse.<\/p>\n<p>La <a href=\"https:\/\/www.leafly.com\/strains\/cookie-glue\" data-type=\"link\" data-id=\"https:\/\/www.leafly.com\/strains\/cookie-glue\">Cookie lim ukrudt<\/a> skiller sig ud med sin gradvist stigende euforiske effekt, unikke aroma og smag og medicinske fordele, hvilket g\u00f8r den til en popul\u00e6r sort blandt brugere, der \u00f8nsker en afslappende, men alligevel stimulerende cannabisoplevelse. Med en terpenprofil, der domineres af caryophyllen, myrcen og humulen, giver den antiinflammatoriske fordele, samtidig med at den gl\u00e6der sanserne. Oplev denne enest\u00e5ende sort og mange andre p\u00e5 Acheterducannabis, din foretrukne destination for cannabisprodukter af h\u00f8j kvalitet i Europa.<\/p>","protected":false},"excerpt":{"rendered":"<p>Acheter Cookie Glue Weed: L\u2019Hybride Parfait pour un High Euphorique La Cookie Glue est une vari\u00e9t\u00e9 de cannabis hybride \u00e9quilibr\u00e9e, n\u00e9e du croisement entre Cookies et Glue Bx2. Cette souche unique est r\u00e9put\u00e9e pour son effet euphorique et son go\u00fbt distinctif, faisant d\u2019elle un choix populaire parmi les connaisseurs de cannabis. Informations sur la Souche [&hellip;]<\/p>\n","protected":false},"featured_media":1176,"comment_status":"closed","ping_status":"closed","template":"","meta":{"site-sidebar-layout":"default","site-content-layout":"","ast-site-content-layout":"default","site-content-style":"default","site-sidebar-style":"default","ast-global-header-display":"","ast-banner-title-visibility":"","ast-main-header-display":"","ast-hfb-above-header-display":"","ast-hfb-below-header-display":"","ast-hfb-mobile-header-display":"","site-post-title":"","ast-breadcrumbs-content":"","ast-featured-img":"","footer-sml-layout":"","theme-transparent-header-meta":"default","adv-header-id-meta":"","stick-header-meta":"","header-above-stick-meta":"","header-main-stick-meta":"","header-below-stick-meta":"","astra-migrate-meta-layouts":"set","ast-page-background-enabled":"default","ast-page-background-meta":{"desktop":{"background-color":"","background-image":"","background-repeat":"repeat","background-position":"center center","background-size":"auto","background-attachment":"scroll","background-type":"","background-media":"","overlay-type":"","overlay-color":"","overlay-opacity":"","overlay-gradient":""},"tablet":{"background-color":"","background-image":"","background-repeat":"repeat","background-position":"center center","background-size":"auto","background-attachment":"scroll","background-type":"","background-media":"","overlay-type":"","overlay-color":"","overlay-opacity":"","overlay-gradient":""},"mobile":{"background-color":"","background-image":"","background-repeat":"repeat","background-position":"center center","background-size":"auto","background-attachment":"scroll","background-type":"","background-media":"","overlay-type":"","overlay-color":"","overlay-opacity":"","overlay-gradient":""}},"ast-content-background-meta":{"desktop":{"background-color":"var(--ast-global-color-5)","background-image":"","background-repeat":"repeat","background-position":"center center","background-size":"auto","background-attachment":"scroll","background-type":"","background-media":"","overlay-type":"","overlay-color":"","overlay-opacity":"","overlay-gradient":""},"tablet":{"background-color":"var(--ast-global-color-5)","background-image":"","background-repeat":"repeat","background-position":"center center","background-size":"auto","background-attachment":"scroll","background-type":"","background-media":"","overlay-type":"","overlay-color":"","overlay-opacity":"","overlay-gradient":""},"mobile":{"background-color":"var(--ast-global-color-5)","background-image":"","background-repeat":"repeat","background-position":"center center","background-size":"auto","background-attachment":"scroll","background-type":"","background-media":"","overlay-type":"","overlay-color":"","overlay-opacity":"","overlay-gradient":""}},"_joinchat":[]},"product_brand":[],"product_cat":[32,33],"product_tag":[],"class_list":{"0":"post-1158","1":"product","2":"type-product","3":"status-publish","4":"has-post-thumbnail","6":"product_cat-fleur-de-chanvre","7":"product_cat-thc-beuh","8":"desktop-align-left","9":"tablet-align-left","10":"mobile-align-left","12":"first","13":"instock","14":"shipping-taxable","15":"purchasable","16":"product-type-variable"},"yoast_head":"<!-- This site is optimized with the Yoast SEO Premium plugin v24.1 (Yoast SEO v26.8) - https:\/\/yoast.com\/product\/yoast-seo-premium-wordpress\/ -->\n<title>Acheter Cookie Glue Weed \u2013 Cannabis Puissant et Premium<\/title>\n<meta name=\"description\" content=\"D\u00e9couvrez Cookie Glue Weed, une vari\u00e9t\u00e9 de cannabis puissante alliant saveur sucr\u00e9e et effet relaxant. Achetez en ligne avec livraison rapide et discr\u00e8te\" \/>\n<meta name=\"robots\" content=\"index, follow, max-snippet:-1, max-image-preview:large, max-video-preview:-1\" \/>\n<link rel=\"canonical\" href=\"https:\/\/beuhparadis.com\/da\/product\/cookie-glue\/\" \/>\n<meta property=\"og:locale\" content=\"da_DK\" \/>\n<meta property=\"og:type\" content=\"article\" \/>\n<meta property=\"og:title\" content=\"Cookie Glue\" \/>\n<meta property=\"og:description\" content=\"D\u00e9couvrez Cookie Glue Weed, une vari\u00e9t\u00e9 de cannabis puissante alliant saveur sucr\u00e9e et effet relaxant. Achetez en ligne avec livraison rapide et discr\u00e8te\" \/>\n<meta property=\"og:url\" content=\"https:\/\/beuhparadis.com\/da\/product\/cookie-glue\/\" \/>\n<meta property=\"og:site_name\" content=\"Beuh Paradis\" \/>\n<meta property=\"article:modified_time\" content=\"2025-01-25T23:21:18+00:00\" \/>\n<meta property=\"og:image\" content=\"https:\/\/beuhparadis.com\/wp-content\/uploads\/2024\/12\/Cookie-Glue.webp\" \/>\n\t<meta property=\"og:image:width\" content=\"768\" \/>\n\t<meta property=\"og:image:height\" content=\"768\" \/>\n\t<meta property=\"og:image:type\" content=\"image\/webp\" \/>\n<meta name=\"twitter:card\" content=\"summary_large_image\" \/>\n<meta name=\"twitter:label1\" content=\"Estimeret l\u00e6setid\" \/>\n\t<meta name=\"twitter:data1\" content=\"3 minutes\" \/>\n<script type=\"application\/ld+json\" class=\"yoast-schema-graph\">{\"@context\":\"https:\/\/schema.org\",\"@graph\":[{\"@type\":\"WebPage\",\"@id\":\"https:\/\/beuhparadis.com\/product\/cookie-glue\/\",\"url\":\"https:\/\/beuhparadis.com\/product\/cookie-glue\/\",\"name\":\"Acheter Cookie Glue Weed \u2013 Cannabis Puissant et Premium\",\"isPartOf\":{\"@id\":\"https:\/\/beuhparadis.com\/#website\"},\"primaryImageOfPage\":{\"@id\":\"https:\/\/beuhparadis.com\/product\/cookie-glue\/#primaryimage\"},\"image\":{\"@id\":\"https:\/\/beuhparadis.com\/product\/cookie-glue\/#primaryimage\"},\"thumbnailUrl\":\"https:\/\/beuhparadis.com\/wp-content\/uploads\/2024\/12\/Cookie-Glue.webp\",\"datePublished\":\"2024-12-10T23:38:32+00:00\",\"dateModified\":\"2025-01-25T23:21:18+00:00\",\"description\":\"D\u00e9couvrez Cookie Glue Weed, une vari\u00e9t\u00e9 de cannabis puissante alliant saveur sucr\u00e9e et effet relaxant. Achetez en ligne avec livraison rapide et discr\u00e8te\",\"breadcrumb\":{\"@id\":\"https:\/\/beuhparadis.com\/product\/cookie-glue\/#breadcrumb\"},\"inLanguage\":\"da-DK\",\"potentialAction\":[{\"@type\":\"ReadAction\",\"target\":[\"https:\/\/beuhparadis.com\/product\/cookie-glue\/\"]}]},{\"@type\":\"ImageObject\",\"inLanguage\":\"da-DK\",\"@id\":\"https:\/\/beuhparadis.com\/product\/cookie-glue\/#primaryimage\",\"url\":\"https:\/\/beuhparadis.com\/wp-content\/uploads\/2024\/12\/Cookie-Glue.webp\",\"contentUrl\":\"https:\/\/beuhparadis.com\/wp-content\/uploads\/2024\/12\/Cookie-Glue.webp\",\"width\":768,\"height\":768},{\"@type\":\"BreadcrumbList\",\"@id\":\"https:\/\/beuhparadis.com\/product\/cookie-glue\/#breadcrumb\",\"itemListElement\":[{\"@type\":\"ListItem\",\"position\":1,\"name\":\"Home\",\"item\":\"https:\/\/beuhparadis.com\/\"},{\"@type\":\"ListItem\",\"position\":2,\"name\":\"Shop\",\"item\":\"https:\/\/beuhparadis.com\/shop\/\"},{\"@type\":\"ListItem\",\"position\":3,\"name\":\"Cookie Glue\"}]},{\"@type\":\"WebSite\",\"@id\":\"https:\/\/beuhparadis.com\/#website\",\"url\":\"https:\/\/beuhparadis.com\/\",\"name\":\"Beuh Paradis\",\"description\":\"\",\"potentialAction\":[{\"@type\":\"SearchAction\",\"target\":{\"@type\":\"EntryPoint\",\"urlTemplate\":\"https:\/\/beuhparadis.com\/?s={search_term_string}\"},\"query-input\":{\"@type\":\"PropertyValueSpecification\",\"valueRequired\":true,\"valueName\":\"search_term_string\"}}],\"inLanguage\":\"da-DK\"}]}<\/script>\n<!-- \/ Yoast SEO Premium plugin. -->","yoast_head_json":{"title":"K\u00f8b Cookie Glue Weed - Cannabis Puissant et Premium","description":"Oplev Cookie Glue Weed, en st\u00e6rk cannabisstamme, der kombinerer s\u00f8d smag med en afslappende effekt. K\u00f8b online med hurtig, diskret levering","robots":{"index":"index","follow":"follow","max-snippet":"max-snippet:-1","max-image-preview":"max-image-preview:large","max-video-preview":"max-video-preview:-1"},"canonical":"https:\/\/beuhparadis.com\/da\/product\/cookie-glue\/","og_locale":"da_DK","og_type":"article","og_title":"Cookie Glue","og_description":"D\u00e9couvrez Cookie Glue Weed, une vari\u00e9t\u00e9 de cannabis puissante alliant saveur sucr\u00e9e et effet relaxant. Achetez en ligne avec livraison rapide et discr\u00e8te","og_url":"https:\/\/beuhparadis.com\/da\/product\/cookie-glue\/","og_site_name":"Beuh Paradis","article_modified_time":"2025-01-25T23:21:18+00:00","og_image":[{"width":768,"height":768,"url":"https:\/\/beuhparadis.com\/wp-content\/uploads\/2024\/12\/Cookie-Glue.webp","type":"image\/webp"}],"twitter_card":"summary_large_image","twitter_misc":{"Estimeret l\u00e6setid":"3 minutes"},"schema":{"@context":"https:\/\/schema.org","@graph":[{"@type":"WebPage","@id":"https:\/\/beuhparadis.com\/product\/cookie-glue\/","url":"https:\/\/beuhparadis.com\/product\/cookie-glue\/","name":"K\u00f8b Cookie Glue Weed - Cannabis Puissant et Premium","isPartOf":{"@id":"https:\/\/beuhparadis.com\/#website"},"primaryImageOfPage":{"@id":"https:\/\/beuhparadis.com\/product\/cookie-glue\/#primaryimage"},"image":{"@id":"https:\/\/beuhparadis.com\/product\/cookie-glue\/#primaryimage"},"thumbnailUrl":"https:\/\/beuhparadis.com\/wp-content\/uploads\/2024\/12\/Cookie-Glue.webp","datePublished":"2024-12-10T23:38:32+00:00","dateModified":"2025-01-25T23:21:18+00:00","description":"Oplev Cookie Glue Weed, en st\u00e6rk cannabisstamme, der kombinerer s\u00f8d smag med en afslappende effekt. K\u00f8b online med hurtig, diskret levering","breadcrumb":{"@id":"https:\/\/beuhparadis.com\/product\/cookie-glue\/#breadcrumb"},"inLanguage":"da-DK","potentialAction":[{"@type":"ReadAction","target":["https:\/\/beuhparadis.com\/product\/cookie-glue\/"]}]},{"@type":"ImageObject","inLanguage":"da-DK","@id":"https:\/\/beuhparadis.com\/product\/cookie-glue\/#primaryimage","url":"https:\/\/beuhparadis.com\/wp-content\/uploads\/2024\/12\/Cookie-Glue.webp","contentUrl":"https:\/\/beuhparadis.com\/wp-content\/uploads\/2024\/12\/Cookie-Glue.webp","width":768,"height":768},{"@type":"BreadcrumbList","@id":"https:\/\/beuhparadis.com\/product\/cookie-glue\/#breadcrumb","itemListElement":[{"@type":"ListItem","position":1,"name":"Home","item":"https:\/\/beuhparadis.com\/"},{"@type":"ListItem","position":2,"name":"Shop","item":"https:\/\/beuhparadis.com\/shop\/"},{"@type":"ListItem","position":3,"name":"Cookie Glue"}]},{"@type":"WebSite","@id":"https:\/\/beuhparadis.com\/#website","url":"https:\/\/beuhparadis.com\/","name":"Beuh Paradis","description":"","potentialAction":[{"@type":"SearchAction","target":{"@type":"EntryPoint","urlTemplate":"https:\/\/beuhparadis.com\/?s={search_term_string}"},"query-input":{"@type":"PropertyValueSpecification","valueRequired":true,"valueName":"search_term_string"}}],"inLanguage":"da-DK"}]}},"_links":{"self":[{"href":"https:\/\/beuhparadis.com\/da\/wp-json\/wp\/v2\/product\/1158","targetHints":{"allow":["GET"]}}],"collection":[{"href":"https:\/\/beuhparadis.com\/da\/wp-json\/wp\/v2\/product"}],"about":[{"href":"https:\/\/beuhparadis.com\/da\/wp-json\/wp\/v2\/types\/product"}],"replies":[{"embeddable":true,"href":"https:\/\/beuhparadis.com\/da\/wp-json\/wp\/v2\/comments?post=1158"}],"wp:featuredmedia":[{"embeddable":true,"href":"https:\/\/beuhparadis.com\/da\/wp-json\/wp\/v2\/media\/1176"}],"wp:attachment":[{"href":"https:\/\/beuhparadis.com\/da\/wp-json\/wp\/v2\/media?parent=1158"}],"wp:term":[{"taxonomy":"product_brand","embeddable":true,"href":"https:\/\/beuhparadis.com\/da\/wp-json\/wp\/v2\/product_brand?post=1158"},{"taxonomy":"product_cat","embeddable":true,"href":"https:\/\/beuhparadis.com\/da\/wp-json\/wp\/v2\/product_cat?post=1158"},{"taxonomy":"product_tag","embeddable":true,"href":"https:\/\/beuhparadis.com\/da\/wp-json\/wp\/v2\/product_tag?post=1158"}],"curies":[{"name":"wp","href":"https:\/\/api.w.org\/{rel}","templated":true}]}}