{"id":1148,"date":"2024-12-10T23:38:31","date_gmt":"2024-12-10T23:38:31","guid":{"rendered":"https:\/\/beuhparadis.com\/?post_type=product&#038;p=1148"},"modified":"2025-01-25T23:12:07","modified_gmt":"2025-01-25T23:12:07","slug":"cookies-and-cream","status":"publish","type":"product","link":"https:\/\/beuhparadis.com\/da\/product\/cookies-and-cream\/","title":{"rendered":"Sm\u00e5kager og fl\u00f8de"},"content":{"rendered":"<h1 class=\"wp-block-heading\">K\u00f8b Cookie and Cream Weed: En s\u00f8d forn\u00f8jelse for kendere<\/h1>\n<p>Cookie and Cream Weed er et must-have for cannabiselskere, der er p\u00e5 udkig efter s\u00f8d smag og styrke. Denne perfekt afbalancerede hybrid kan prale af en enest\u00e5ende smags- og aromaprofil samt afbalancerede effekter, der vil gl\u00e6de b\u00e5de rekreative og medicinske brugere. Lad os se n\u00e6rmere p\u00e5 egenskaberne ved Cookie and Cream Weed Strain, dens virkninger, dens fordele, og hvor man kan finde den.<\/p>\n<h2 class=\"wp-block-heading\">Information om Cookie and Cream Weed-sorten<\/h2>\n<ul class=\"wp-block-list\">\n<li><strong>Genetisk oprindelse:<\/strong> Denne sort er en krydsning mellem Girl Scout Cookies og Starfighter, og den er skabt af Exotic Genetix.<\/li>\n<li><strong>Udm\u00e6rkelser:<\/strong> Cookie and Cream Weed Strain har vundet adskillige priser, hvilket beviser dens kvalitet og popularitet.<\/li>\n<\/ul>\n<h2 class=\"wp-block-heading\">THC og CBD i Cookie and Cream Weed<\/h2>\n<ul class=\"wp-block-list\">\n<li><strong>THC:<\/strong> Med et indhold p\u00e5 20% til 25% giver Cookies and Cream Weed en st\u00e6rk og tilfredsstillende oplevelse.<\/li>\n<li><strong>CBD:<\/strong> Det n\u00e6sten ikke-eksisterende niveau af CBD fremh\u00e6ver de psykoaktive effekter af denne sort.<\/li>\n<\/ul>\n<h2 class=\"wp-block-heading\">Hvor kan jeg k\u00f8be Cookie and Cream Weed online?<\/h2>\n<p>Du kan k\u00f8be Cookie and Cream Weed online fra specialiserede websteder som f.eks. <a href=\"https:\/\/acheterducannabis.fr\/\" data-type=\"link\" data-id=\"https:\/\/acheterducannabis.fr\/\">K\u00f8bducannabis<\/a>hvor kvalitet og overholdelse af lovgivningen altid er garanteret.<\/p>\n<h2 class=\"wp-block-heading\">Effekter, aromaer og smag af Cookies and Cream Weed Strain<\/h2>\n<h3 class=\"wp-block-heading\">Effekt<\/h3>\n<ul class=\"wp-block-list\">\n<li>Cookie and Cream Weed Strain er kendt for sin indledende euforiske effekt, som udvikler sig til dyb kropsafslapning, ideel til brug sidst p\u00e5 dagen.<\/li>\n<\/ul>\n<h3 class=\"wp-block-heading\">Aroma<\/h3>\n<ul class=\"wp-block-list\">\n<li>Cookies and Cream Weed Strain forf\u00f8rer med sin citronagtige, krydrede aroma, der er resultatet af en kompleks blanding af terpener.<\/li>\n<\/ul>\n<h3 class=\"wp-block-heading\">Smag<\/h3>\n<ul class=\"wp-block-list\">\n<li>Smagen af Cookies and Cream Weed Strain er tro mod sit navn og byder p\u00e5 en cremet s\u00f8dme med antydninger af vanilje og jordagtige aromaer.<\/li>\n<\/ul>\n<h2 class=\"wp-block-heading\">Medicinske virkninger af Cookies and Cream Weed<\/h2>\n<p>Cookies and Cream Weed Strain er eftertragtet for sine mange medicinske fordele, herunder :<\/p>\n<ul class=\"wp-block-list\">\n<li>Reduceret stress og angst<\/li>\n<li>Lindring af smerter<\/li>\n<li>Stimulering af appetitten<\/li>\n<li>Forbedret s\u00f8vnkvalitet<\/li>\n<\/ul>\n<h3 class=\"wp-block-heading\">Kan lindre<\/h3>\n<ul class=\"wp-block-list\">\n<li>Symptomer p\u00e5 depression<\/li>\n<li>Kronisk stress<\/li>\n<\/ul>\n<h2 class=\"wp-block-heading\">Hvorfor k\u00f8be Cookie and Cream Weed fra Acheterducannabis?<\/h2>\n<p>At v\u00e6lge Acheterducannabis til dit k\u00f8b af Cookies and Cream Weed garanterer en stamme af h\u00f8jeste kvalitet, fagligt og lovligt dyrket, med up\u00e5klagelig kundeservice.<\/p>\n<h2 class=\"wp-block-heading\">Lovgivning om salg af hashkager og -creme i Europa<\/h2>\n<p>Salget af Cookies and Cream Weed Strain er som alle cannabisprodukter underlagt de specifikke regler i hvert europ\u00e6isk land. Acheterducannabis er forpligtet til at respektere disse love og sikre en sikker og lovlig shoppingoplevelse.<\/p>\n<p>La <a href=\"https:\/\/www.cannaconnection.com\/strains\/cookies-and-cream#:~:text=Q%3A%20What%20is%20Cookies%20and,of%20euphoric%20and%20relaxing%20effects.\" data-type=\"link\" data-id=\"https:\/\/www.cannaconnection.com\/strains\/cookies-and-cream#:~:text=Q%3A%20What%20is%20Cookies%20and,of%20euphoric%20and%20relaxing%20effects.\">Kage og fl\u00f8de ukrudt<\/a> Strain er den perfekte sort til dem, der \u00f8nsker at kombinere god smag med gavnlige virkninger, hvad enten det er til rekreativ eller medicinsk brug. Denne stamme er tilg\u00e6ngelig fra Acheterducannabis og lover en overlegen oplevelse.<\/p>","protected":false},"excerpt":{"rendered":"<p><strong>THC :<\/strong> 26\u00a0% <strong>Effekter<\/strong> Kreativ, euforisk, glad, afslappende, opbyggelig <strong>Kan lindre<\/strong> ADD\/ADHD, kroniske smerter, depression, fibromyalgi, gastrointestinale lidelser, s\u00f8vnl\u00f8shed, appetitl\u00f8shed, muskelspasmer, kvalme, PTSD, stress<\/p>","protected":false},"featured_media":1174,"comment_status":"closed","ping_status":"closed","template":"","meta":{"site-sidebar-layout":"default","site-content-layout":"","ast-site-content-layout":"default","site-content-style":"default","site-sidebar-style":"default","ast-global-header-display":"","ast-banner-title-visibility":"","ast-main-header-display":"","ast-hfb-above-header-display":"","ast-hfb-below-header-display":"","ast-hfb-mobile-header-display":"","site-post-title":"","ast-breadcrumbs-content":"","ast-featured-img":"","footer-sml-layout":"","theme-transparent-header-meta":"default","adv-header-id-meta":"","stick-header-meta":"","header-above-stick-meta":"","header-main-stick-meta":"","header-below-stick-meta":"","astra-migrate-meta-layouts":"set","ast-page-background-enabled":"default","ast-page-background-meta":{"desktop":{"background-color":"","background-image":"","background-repeat":"repeat","background-position":"center center","background-size":"auto","background-attachment":"scroll","background-type":"","background-media":"","overlay-type":"","overlay-color":"","overlay-opacity":"","overlay-gradient":""},"tablet":{"background-color":"","background-image":"","background-repeat":"repeat","background-position":"center center","background-size":"auto","background-attachment":"scroll","background-type":"","background-media":"","overlay-type":"","overlay-color":"","overlay-opacity":"","overlay-gradient":""},"mobile":{"background-color":"","background-image":"","background-repeat":"repeat","background-position":"center center","background-size":"auto","background-attachment":"scroll","background-type":"","background-media":"","overlay-type":"","overlay-color":"","overlay-opacity":"","overlay-gradient":""}},"ast-content-background-meta":{"desktop":{"background-color":"var(--ast-global-color-5)","background-image":"","background-repeat":"repeat","background-position":"center center","background-size":"auto","background-attachment":"scroll","background-type":"","background-media":"","overlay-type":"","overlay-color":"","overlay-opacity":"","overlay-gradient":""},"tablet":{"background-color":"var(--ast-global-color-5)","background-image":"","background-repeat":"repeat","background-position":"center center","background-size":"auto","background-attachment":"scroll","background-type":"","background-media":"","overlay-type":"","overlay-color":"","overlay-opacity":"","overlay-gradient":""},"mobile":{"background-color":"var(--ast-global-color-5)","background-image":"","background-repeat":"repeat","background-position":"center center","background-size":"auto","background-attachment":"scroll","background-type":"","background-media":"","overlay-type":"","overlay-color":"","overlay-opacity":"","overlay-gradient":""}},"_joinchat":[]},"product_brand":[],"product_cat":[32,33],"product_tag":[],"class_list":{"0":"post-1148","1":"product","2":"type-product","3":"status-publish","4":"has-post-thumbnail","6":"product_cat-fleur-de-chanvre","7":"product_cat-thc-beuh","8":"desktop-align-left","9":"tablet-align-left","10":"mobile-align-left","12":"first","13":"instock","14":"shipping-taxable","15":"purchasable","16":"product-type-variable"},"yoast_head":"<!-- This site is optimized with the Yoast SEO Premium plugin v24.1 (Yoast SEO v26.8) - https:\/\/yoast.com\/product\/yoast-seo-premium-wordpress\/ -->\n<title>Cookies and Cream \u2013 Vari\u00e9t\u00e9 de Cannabis Premium \u00e0 Acheter<\/title>\n<meta name=\"description\" content=\"R\u00e9couvrez la vari\u00e9t\u00e9 Cookies and Cream, c\u00e9l\u00e8bre pour son go\u00fbt doux et cr\u00e9meux. Achetez du cannabis premium en ligne avec livraison rapide et discr\u00e8te\" \/>\n<meta name=\"robots\" content=\"index, follow, max-snippet:-1, max-image-preview:large, max-video-preview:-1\" \/>\n<link rel=\"canonical\" href=\"https:\/\/beuhparadis.com\/da\/product\/cookies-and-cream\/\" \/>\n<meta property=\"og:locale\" content=\"da_DK\" \/>\n<meta property=\"og:type\" content=\"article\" \/>\n<meta property=\"og:title\" content=\"Cookies and Cream\" \/>\n<meta property=\"og:description\" content=\"R\u00e9couvrez la vari\u00e9t\u00e9 Cookies and Cream, c\u00e9l\u00e8bre pour son go\u00fbt doux et cr\u00e9meux. Achetez du cannabis premium en ligne avec livraison rapide et discr\u00e8te\" \/>\n<meta property=\"og:url\" content=\"https:\/\/beuhparadis.com\/da\/product\/cookies-and-cream\/\" \/>\n<meta property=\"og:site_name\" content=\"Beuh Paradis\" \/>\n<meta property=\"article:modified_time\" content=\"2025-01-25T23:12:07+00:00\" \/>\n<meta property=\"og:image\" content=\"https:\/\/beuhparadis.com\/wp-content\/uploads\/2024\/12\/Cookies-and-Cream.webp\" \/>\n\t<meta property=\"og:image:width\" content=\"1620\" \/>\n\t<meta property=\"og:image:height\" content=\"1080\" \/>\n\t<meta property=\"og:image:type\" content=\"image\/webp\" \/>\n<meta name=\"twitter:card\" content=\"summary_large_image\" \/>\n<meta name=\"twitter:label1\" content=\"Estimeret l\u00e6setid\" \/>\n\t<meta name=\"twitter:data1\" content=\"3 minutes\" \/>\n<script type=\"application\/ld+json\" class=\"yoast-schema-graph\">{\"@context\":\"https:\/\/schema.org\",\"@graph\":[{\"@type\":\"WebPage\",\"@id\":\"https:\/\/beuhparadis.com\/product\/cookies-and-cream\/\",\"url\":\"https:\/\/beuhparadis.com\/product\/cookies-and-cream\/\",\"name\":\"Cookies and Cream \u2013 Vari\u00e9t\u00e9 de Cannabis Premium \u00e0 Acheter\",\"isPartOf\":{\"@id\":\"https:\/\/beuhparadis.com\/#website\"},\"primaryImageOfPage\":{\"@id\":\"https:\/\/beuhparadis.com\/product\/cookies-and-cream\/#primaryimage\"},\"image\":{\"@id\":\"https:\/\/beuhparadis.com\/product\/cookies-and-cream\/#primaryimage\"},\"thumbnailUrl\":\"https:\/\/beuhparadis.com\/wp-content\/uploads\/2024\/12\/Cookies-and-Cream.webp\",\"datePublished\":\"2024-12-10T23:38:31+00:00\",\"dateModified\":\"2025-01-25T23:12:07+00:00\",\"description\":\"R\u00e9couvrez la vari\u00e9t\u00e9 Cookies and Cream, c\u00e9l\u00e8bre pour son go\u00fbt doux et cr\u00e9meux. Achetez du cannabis premium en ligne avec livraison rapide et discr\u00e8te\",\"breadcrumb\":{\"@id\":\"https:\/\/beuhparadis.com\/product\/cookies-and-cream\/#breadcrumb\"},\"inLanguage\":\"da-DK\",\"potentialAction\":[{\"@type\":\"ReadAction\",\"target\":[\"https:\/\/beuhparadis.com\/product\/cookies-and-cream\/\"]}]},{\"@type\":\"ImageObject\",\"inLanguage\":\"da-DK\",\"@id\":\"https:\/\/beuhparadis.com\/product\/cookies-and-cream\/#primaryimage\",\"url\":\"https:\/\/beuhparadis.com\/wp-content\/uploads\/2024\/12\/Cookies-and-Cream.webp\",\"contentUrl\":\"https:\/\/beuhparadis.com\/wp-content\/uploads\/2024\/12\/Cookies-and-Cream.webp\",\"width\":1620,\"height\":1080},{\"@type\":\"BreadcrumbList\",\"@id\":\"https:\/\/beuhparadis.com\/product\/cookies-and-cream\/#breadcrumb\",\"itemListElement\":[{\"@type\":\"ListItem\",\"position\":1,\"name\":\"Home\",\"item\":\"https:\/\/beuhparadis.com\/\"},{\"@type\":\"ListItem\",\"position\":2,\"name\":\"Shop\",\"item\":\"https:\/\/beuhparadis.com\/shop\/\"},{\"@type\":\"ListItem\",\"position\":3,\"name\":\"Cookies and Cream\"}]},{\"@type\":\"WebSite\",\"@id\":\"https:\/\/beuhparadis.com\/#website\",\"url\":\"https:\/\/beuhparadis.com\/\",\"name\":\"Beuh Paradis\",\"description\":\"\",\"potentialAction\":[{\"@type\":\"SearchAction\",\"target\":{\"@type\":\"EntryPoint\",\"urlTemplate\":\"https:\/\/beuhparadis.com\/?s={search_term_string}\"},\"query-input\":{\"@type\":\"PropertyValueSpecification\",\"valueRequired\":true,\"valueName\":\"search_term_string\"}}],\"inLanguage\":\"da-DK\"}]}<\/script>\n<!-- \/ Yoast SEO Premium plugin. -->","yoast_head_json":{"title":"Cookies og fl\u00f8de - Premium cannabis-sorter at k\u00f8be","description":"Oplev sorten Cookies and Cream, der er ber\u00f8mt for sin s\u00f8de, cremede smag. K\u00f8b f\u00f8rsteklasses cannabis online med hurtig, diskret levering","robots":{"index":"index","follow":"follow","max-snippet":"max-snippet:-1","max-image-preview":"max-image-preview:large","max-video-preview":"max-video-preview:-1"},"canonical":"https:\/\/beuhparadis.com\/da\/product\/cookies-and-cream\/","og_locale":"da_DK","og_type":"article","og_title":"Cookies and Cream","og_description":"R\u00e9couvrez la vari\u00e9t\u00e9 Cookies and Cream, c\u00e9l\u00e8bre pour son go\u00fbt doux et cr\u00e9meux. Achetez du cannabis premium en ligne avec livraison rapide et discr\u00e8te","og_url":"https:\/\/beuhparadis.com\/da\/product\/cookies-and-cream\/","og_site_name":"Beuh Paradis","article_modified_time":"2025-01-25T23:12:07+00:00","og_image":[{"width":1620,"height":1080,"url":"https:\/\/beuhparadis.com\/wp-content\/uploads\/2024\/12\/Cookies-and-Cream.webp","type":"image\/webp"}],"twitter_card":"summary_large_image","twitter_misc":{"Estimeret l\u00e6setid":"3 minutes"},"schema":{"@context":"https:\/\/schema.org","@graph":[{"@type":"WebPage","@id":"https:\/\/beuhparadis.com\/product\/cookies-and-cream\/","url":"https:\/\/beuhparadis.com\/product\/cookies-and-cream\/","name":"Cookies og fl\u00f8de - Premium cannabis-sorter at k\u00f8be","isPartOf":{"@id":"https:\/\/beuhparadis.com\/#website"},"primaryImageOfPage":{"@id":"https:\/\/beuhparadis.com\/product\/cookies-and-cream\/#primaryimage"},"image":{"@id":"https:\/\/beuhparadis.com\/product\/cookies-and-cream\/#primaryimage"},"thumbnailUrl":"https:\/\/beuhparadis.com\/wp-content\/uploads\/2024\/12\/Cookies-and-Cream.webp","datePublished":"2024-12-10T23:38:31+00:00","dateModified":"2025-01-25T23:12:07+00:00","description":"Oplev sorten Cookies and Cream, der er ber\u00f8mt for sin s\u00f8de, cremede smag. K\u00f8b f\u00f8rsteklasses cannabis online med hurtig, diskret levering","breadcrumb":{"@id":"https:\/\/beuhparadis.com\/product\/cookies-and-cream\/#breadcrumb"},"inLanguage":"da-DK","potentialAction":[{"@type":"ReadAction","target":["https:\/\/beuhparadis.com\/product\/cookies-and-cream\/"]}]},{"@type":"ImageObject","inLanguage":"da-DK","@id":"https:\/\/beuhparadis.com\/product\/cookies-and-cream\/#primaryimage","url":"https:\/\/beuhparadis.com\/wp-content\/uploads\/2024\/12\/Cookies-and-Cream.webp","contentUrl":"https:\/\/beuhparadis.com\/wp-content\/uploads\/2024\/12\/Cookies-and-Cream.webp","width":1620,"height":1080},{"@type":"BreadcrumbList","@id":"https:\/\/beuhparadis.com\/product\/cookies-and-cream\/#breadcrumb","itemListElement":[{"@type":"ListItem","position":1,"name":"Home","item":"https:\/\/beuhparadis.com\/"},{"@type":"ListItem","position":2,"name":"Shop","item":"https:\/\/beuhparadis.com\/shop\/"},{"@type":"ListItem","position":3,"name":"Cookies and Cream"}]},{"@type":"WebSite","@id":"https:\/\/beuhparadis.com\/#website","url":"https:\/\/beuhparadis.com\/","name":"Beuh Paradis","description":"","potentialAction":[{"@type":"SearchAction","target":{"@type":"EntryPoint","urlTemplate":"https:\/\/beuhparadis.com\/?s={search_term_string}"},"query-input":{"@type":"PropertyValueSpecification","valueRequired":true,"valueName":"search_term_string"}}],"inLanguage":"da-DK"}]}},"_links":{"self":[{"href":"https:\/\/beuhparadis.com\/da\/wp-json\/wp\/v2\/product\/1148","targetHints":{"allow":["GET"]}}],"collection":[{"href":"https:\/\/beuhparadis.com\/da\/wp-json\/wp\/v2\/product"}],"about":[{"href":"https:\/\/beuhparadis.com\/da\/wp-json\/wp\/v2\/types\/product"}],"replies":[{"embeddable":true,"href":"https:\/\/beuhparadis.com\/da\/wp-json\/wp\/v2\/comments?post=1148"}],"wp:featuredmedia":[{"embeddable":true,"href":"https:\/\/beuhparadis.com\/da\/wp-json\/wp\/v2\/media\/1174"}],"wp:attachment":[{"href":"https:\/\/beuhparadis.com\/da\/wp-json\/wp\/v2\/media?parent=1148"}],"wp:term":[{"taxonomy":"product_brand","embeddable":true,"href":"https:\/\/beuhparadis.com\/da\/wp-json\/wp\/v2\/product_brand?post=1148"},{"taxonomy":"product_cat","embeddable":true,"href":"https:\/\/beuhparadis.com\/da\/wp-json\/wp\/v2\/product_cat?post=1148"},{"taxonomy":"product_tag","embeddable":true,"href":"https:\/\/beuhparadis.com\/da\/wp-json\/wp\/v2\/product_tag?post=1148"}],"curies":[{"name":"wp","href":"https:\/\/api.w.org\/{rel}","templated":true}]}}